{"id":1900645,"date":"2025-05-09T16:05:16","date_gmt":"2025-05-09T16:05:16","guid":{"rendered":"https:\/\/pamgm.ca\/?page_id=1900645"},"modified":"2026-04-14T14:28:38","modified_gmt":"2026-04-14T14:28:38","slug":"promotions","status":"publish","type":"page","link":"https:\/\/pamgm.ca\/fr\/promotions\/","title":{"rendered":"Promotions"},"content":{"rendered":"<div data-elementor-type=\"wp-page\" data-elementor-id=\"1900645\" class=\"elementor elementor-1900645\" data-elementor-post-type=\"page\">\n\t\t\t\t\t\t<section class=\"elementor-section elementor-top-section elementor-element elementor-element-d0007e3 elementor-section-boxed elementor-section-height-default elementor-section-height-default\" data-id=\"d0007e3\" data-element_type=\"section\" data-e-type=\"section\">\n\t\t\t\t\t\t<div class=\"elementor-container elementor-column-gap-default\">\n\t\t\t\t\t<div class=\"elementor-column elementor-col-100 elementor-top-column elementor-element elementor-element-492cdf7\" data-id=\"492cdf7\" data-element_type=\"column\" data-e-type=\"column\">\n\t\t\t<div class=\"elementor-widget-wrap elementor-element-populated\">\n\t\t\t\t\t\t<div class=\"elementor-element elementor-element-9dd986e elementor-widget elementor-widget-heading\" data-id=\"9dd986e\" data-element_type=\"widget\" data-e-type=\"widget\" data-widget_type=\"heading.default\">\n\t\t\t\t<div class=\"elementor-widget-container\">\n\t\t\t\t\t<h2 class=\"elementor-heading-title elementor-size-default\">Pr\u00eat \u00e0 commander ? Contactez-nous pour un devis rapide !<\/h2>\t\t\t\t<\/div>\n\t\t\t\t<\/div>\n\t\t\t\t\t<\/div>\n\t\t<\/div>\n\t\t\t\t\t<\/div>\n\t\t<\/section>\n\t\t\t\t<section class=\"elementor-section elementor-top-section elementor-element elementor-element-71972ef elementor-section-boxed elementor-section-height-default elementor-section-height-default\" data-id=\"71972ef\" data-element_type=\"section\" data-e-type=\"section\">\n\t\t\t\t\t\t<div class=\"elementor-container elementor-column-gap-default\">\n\t\t\t\t\t<div class=\"elementor-column elementor-col-50 elementor-top-column elementor-element elementor-element-310d2e1\" data-id=\"310d2e1\" data-element_type=\"column\" data-e-type=\"column\">\n\t\t\t<div class=\"elementor-widget-wrap elementor-element-populated\">\n\t\t\t\t\t\t<div class=\"elementor-element elementor-element-54ee22d elementor-widget elementor-widget-heading\" data-id=\"54ee22d\" data-element_type=\"widget\" data-e-type=\"widget\" data-widget_type=\"heading.default\">\n\t\t\t\t<div class=\"elementor-widget-container\">\n\t\t\t\t\t<h2 class=\"elementor-heading-title elementor-size-default\">Promo du Jour - t-shirts<\/h2>\t\t\t\t<\/div>\n\t\t\t\t<\/div>\n\t\t\t\t<div class=\"elementor-element elementor-element-6726687 elementor-widget elementor-widget-image\" data-id=\"6726687\" data-element_type=\"widget\" data-e-type=\"widget\" data-widget_type=\"image.default\">\n\t\t\t\t<div class=\"elementor-widget-container\">\n\t\t\t\t\t\t\t\t\t\t\t\t\t\t\t<img fetchpriority=\"high\" decoding=\"async\" width=\"940\" height=\"788\" src=\"https:\/\/pamgm.ca\/wp-content\/uploads\/2026\/04\/Chandails-imprimes.png\" class=\"attachment-large size-large wp-image-1901612\" alt=\"\" srcset=\"https:\/\/pamgm.ca\/wp-content\/uploads\/2026\/04\/Chandails-imprimes.png 940w, https:\/\/pamgm.ca\/wp-content\/uploads\/2026\/04\/Chandails-imprimes-300x251.png 300w, https:\/\/pamgm.ca\/wp-content\/uploads\/2026\/04\/Chandails-imprimes-768x644.png 768w, https:\/\/pamgm.ca\/wp-content\/uploads\/2026\/04\/Chandails-imprimes-14x12.png 14w\" sizes=\"(max-width: 940px) 100vw, 940px\" \/>\t\t\t\t\t\t\t\t\t\t\t\t\t\t\t<\/div>\n\t\t\t\t<\/div>\n\t\t\t\t\t<\/div>\n\t\t<\/div>\n\t\t\t\t<div class=\"elementor-column elementor-col-50 elementor-top-column elementor-element elementor-element-a6355e6\" data-id=\"a6355e6\" data-element_type=\"column\" data-e-type=\"column\">\n\t\t\t<div class=\"elementor-widget-wrap elementor-element-populated\">\n\t\t\t\t\t\t<div class=\"elementor-element elementor-element-d68a223 elementor-widget elementor-widget-heading\" data-id=\"d68a223\" data-element_type=\"widget\" data-e-type=\"widget\" data-widget_type=\"heading.default\">\n\t\t\t\t<div class=\"elementor-widget-container\">\n\t\t\t\t\t<h2 class=\"elementor-heading-title elementor-size-default\">Le recto-verso<\/h2>\t\t\t\t<\/div>\n\t\t\t\t<\/div>\n\t\t\t\t<div class=\"elementor-element elementor-element-7fa329b elementor-widget elementor-widget-image\" data-id=\"7fa329b\" data-element_type=\"widget\" data-e-type=\"widget\" data-widget_type=\"image.default\">\n\t\t\t\t<div class=\"elementor-widget-container\">\n\t\t\t\t\t\t\t\t\t\t\t\t\t\t\t<img decoding=\"async\" width=\"940\" height=\"788\" src=\"https:\/\/pamgm.ca\/wp-content\/uploads\/2025\/05\/4-1.png\" class=\"attachment-large size-large wp-image-1900634\" alt=\"\" srcset=\"https:\/\/pamgm.ca\/wp-content\/uploads\/2025\/05\/4-1.png 940w, https:\/\/pamgm.ca\/wp-content\/uploads\/2025\/05\/4-1-300x251.png 300w, https:\/\/pamgm.ca\/wp-content\/uploads\/2025\/05\/4-1-768x644.png 768w, https:\/\/pamgm.ca\/wp-content\/uploads\/2025\/05\/4-1-14x12.png 14w\" sizes=\"(max-width: 940px) 100vw, 940px\" \/>\t\t\t\t\t\t\t\t\t\t\t\t\t\t\t<\/div>\n\t\t\t\t<\/div>\n\t\t\t\t\t<\/div>\n\t\t<\/div>\n\t\t\t\t\t<\/div>\n\t\t<\/section>\n\t\t\t\t<section class=\"elementor-section elementor-top-section elementor-element elementor-element-3c9f001 elementor-section-boxed elementor-section-height-default elementor-section-height-default\" data-id=\"3c9f001\" data-element_type=\"section\" data-e-type=\"section\">\n\t\t\t\t\t\t<div class=\"elementor-container elementor-column-gap-default\">\n\t\t\t\t\t<div class=\"elementor-column elementor-col-50 elementor-top-column elementor-element elementor-element-0c4f361\" data-id=\"0c4f361\" data-element_type=\"column\" data-e-type=\"column\">\n\t\t\t<div class=\"elementor-widget-wrap elementor-element-populated\">\n\t\t\t\t\t\t<div class=\"elementor-element elementor-element-75c0780 elementor-widget elementor-widget-heading\" data-id=\"75c0780\" data-element_type=\"widget\" data-e-type=\"widget\" data-widget_type=\"heading.default\">\n\t\t\t\t<div class=\"elementor-widget-container\">\n\t\t\t\t\t<h2 class=\"elementor-heading-title elementor-size-default\">le Kit brod\u00e9 un c\u00f4t\u00e9 <\/h2>\t\t\t\t<\/div>\n\t\t\t\t<\/div>\n\t\t\t\t<div class=\"elementor-element elementor-element-03f0a71 elementor-widget elementor-widget-image\" data-id=\"03f0a71\" data-element_type=\"widget\" data-e-type=\"widget\" data-widget_type=\"image.default\">\n\t\t\t\t<div class=\"elementor-widget-container\">\n\t\t\t\t\t\t\t\t\t\t\t\t\t\t\t<img decoding=\"async\" width=\"940\" height=\"788\" src=\"https:\/\/pamgm.ca\/wp-content\/uploads\/2025\/05\/2.png\" class=\"attachment-large size-large wp-image-1900636\" alt=\"\" srcset=\"https:\/\/pamgm.ca\/wp-content\/uploads\/2025\/05\/2.png 940w, https:\/\/pamgm.ca\/wp-content\/uploads\/2025\/05\/2-300x251.png 300w, https:\/\/pamgm.ca\/wp-content\/uploads\/2025\/05\/2-768x644.png 768w, https:\/\/pamgm.ca\/wp-content\/uploads\/2025\/05\/2-14x12.png 14w\" sizes=\"(max-width: 940px) 100vw, 940px\" \/>\t\t\t\t\t\t\t\t\t\t\t\t\t\t\t<\/div>\n\t\t\t\t<\/div>\n\t\t\t\t\t<\/div>\n\t\t<\/div>\n\t\t\t\t<div class=\"elementor-column elementor-col-50 elementor-top-column elementor-element elementor-element-eff94fc\" data-id=\"eff94fc\" data-element_type=\"column\" data-e-type=\"column\">\n\t\t\t<div class=\"elementor-widget-wrap elementor-element-populated\">\n\t\t\t\t\t\t<div class=\"elementor-element elementor-element-1a6a100 elementor-widget elementor-widget-heading\" data-id=\"1a6a100\" data-element_type=\"widget\" data-e-type=\"widget\" data-widget_type=\"heading.default\">\n\t\t\t\t<div class=\"elementor-widget-container\">\n\t\t\t\t\t<h2 class=\"elementor-heading-title elementor-size-default\">Promotion camps de Jours<\/h2>\t\t\t\t<\/div>\n\t\t\t\t<\/div>\n\t\t\t\t<div class=\"elementor-element elementor-element-f246604 elementor-invisible elementor-widget elementor-widget-image\" data-id=\"f246604\" data-element_type=\"widget\" data-e-type=\"widget\" data-settings=\"{&quot;_animation&quot;:&quot;zoomIn&quot;}\" data-widget_type=\"image.default\">\n\t\t\t\t<div class=\"elementor-widget-container\">\n\t\t\t\t\t\t\t\t\t\t\t\t\t\t\t<img loading=\"lazy\" decoding=\"async\" width=\"940\" height=\"788\" src=\"https:\/\/pamgm.ca\/wp-content\/uploads\/2026\/03\/6.png\" class=\"attachment-large size-large wp-image-1901603\" alt=\"\" srcset=\"https:\/\/pamgm.ca\/wp-content\/uploads\/2026\/03\/6.png 940w, https:\/\/pamgm.ca\/wp-content\/uploads\/2026\/03\/6-300x251.png 300w, https:\/\/pamgm.ca\/wp-content\/uploads\/2026\/03\/6-768x644.png 768w, https:\/\/pamgm.ca\/wp-content\/uploads\/2026\/03\/6-14x12.png 14w\" sizes=\"(max-width: 940px) 100vw, 940px\" \/>\t\t\t\t\t\t\t\t\t\t\t\t\t\t\t<\/div>\n\t\t\t\t<\/div>\n\t\t\t\t\t<\/div>\n\t\t<\/div>\n\t\t\t\t\t<\/div>\n\t\t<\/section>\n\t\t\t\t<section class=\"elementor-section elementor-top-section elementor-element elementor-element-4e40e77 elementor-section-boxed elementor-section-height-default elementor-section-height-default\" data-id=\"4e40e77\" data-element_type=\"section\" data-e-type=\"section\">\n\t\t\t\t\t\t<div class=\"elementor-container elementor-column-gap-default\">\n\t\t\t\t\t<div class=\"elementor-column elementor-col-50 elementor-top-column elementor-element elementor-element-e12e5b1\" data-id=\"e12e5b1\" data-element_type=\"column\" data-e-type=\"column\">\n\t\t\t<div class=\"elementor-widget-wrap elementor-element-populated\">\n\t\t\t\t\t\t<div class=\"elementor-element elementor-element-f11a563 elementor-widget elementor-widget-heading\" data-id=\"f11a563\" data-element_type=\"widget\" data-e-type=\"widget\" data-widget_type=\"heading.default\">\n\t\t\t\t<div class=\"elementor-widget-container\">\n\t\t\t\t\t<h2 class=\"elementor-heading-title elementor-size-default\">OFFRE R\u00c9IMPRESSION \u2013 5% DE R\u00c9DUCTION<\/h2>\t\t\t\t<\/div>\n\t\t\t\t<\/div>\n\t\t\t\t<div class=\"elementor-element elementor-element-aaea8b7 elementor-widget elementor-widget-image\" data-id=\"aaea8b7\" data-element_type=\"widget\" data-e-type=\"widget\" data-widget_type=\"image.default\">\n\t\t\t\t<div class=\"elementor-widget-container\">\n\t\t\t\t\t\t\t\t\t\t\t\t\t\t\t<img loading=\"lazy\" decoding=\"async\" width=\"940\" height=\"788\" src=\"https:\/\/pamgm.ca\/wp-content\/uploads\/2026\/03\/reprint.png\" class=\"attachment-large size-large wp-image-1901602\" alt=\"\" srcset=\"https:\/\/pamgm.ca\/wp-content\/uploads\/2026\/03\/reprint.png 940w, https:\/\/pamgm.ca\/wp-content\/uploads\/2026\/03\/reprint-300x251.png 300w, https:\/\/pamgm.ca\/wp-content\/uploads\/2026\/03\/reprint-768x644.png 768w, https:\/\/pamgm.ca\/wp-content\/uploads\/2026\/03\/reprint-14x12.png 14w\" sizes=\"(max-width: 940px) 100vw, 940px\" \/>\t\t\t\t\t\t\t\t\t\t\t\t\t\t\t<\/div>\n\t\t\t\t<\/div>\n\t\t\t\t\t<\/div>\n\t\t<\/div>\n\t\t\t\t<div class=\"elementor-column elementor-col-50 elementor-top-column elementor-element elementor-element-f838990\" data-id=\"f838990\" data-element_type=\"column\" data-e-type=\"column\">\n\t\t\t<div class=\"elementor-widget-wrap elementor-element-populated\">\n\t\t\t\t\t\t<div class=\"elementor-element elementor-element-6081964 elementor-widget elementor-widget-heading\" data-id=\"6081964\" data-element_type=\"widget\" data-e-type=\"widget\" data-widget_type=\"heading.default\">\n\t\t\t\t<div class=\"elementor-widget-container\">\n\t\t\t\t\t<h2 class=\"elementor-heading-title elementor-size-default\">Offre pour votre \u00e9quipe <\/h2>\t\t\t\t<\/div>\n\t\t\t\t<\/div>\n\t\t\t\t<div class=\"elementor-element elementor-element-d8b8632 elementor-widget__width-initial elementor-widget elementor-widget-image\" data-id=\"d8b8632\" data-element_type=\"widget\" data-e-type=\"widget\" data-widget_type=\"image.default\">\n\t\t\t\t<div class=\"elementor-widget-container\">\n\t\t\t\t\t\t\t\t\t\t\t\t\t\t\t<img loading=\"lazy\" decoding=\"async\" width=\"940\" height=\"788\" src=\"https:\/\/pamgm.ca\/wp-content\/uploads\/2026\/04\/Current-Site-promos.png\" class=\"attachment-large size-large wp-image-1901614\" alt=\"\" srcset=\"https:\/\/pamgm.ca\/wp-content\/uploads\/2026\/04\/Current-Site-promos.png 940w, https:\/\/pamgm.ca\/wp-content\/uploads\/2026\/04\/Current-Site-promos-300x251.png 300w, https:\/\/pamgm.ca\/wp-content\/uploads\/2026\/04\/Current-Site-promos-768x644.png 768w, https:\/\/pamgm.ca\/wp-content\/uploads\/2026\/04\/Current-Site-promos-14x12.png 14w\" sizes=\"(max-width: 940px) 100vw, 940px\" \/>\t\t\t\t\t\t\t\t\t\t\t\t\t\t\t<\/div>\n\t\t\t\t<\/div>\n\t\t\t\t\t<\/div>\n\t\t<\/div>\n\t\t\t\t\t<\/div>\n\t\t<\/section>\n\t\t\t\t<section class=\"elementor-section elementor-top-section elementor-element elementor-element-6e6b5e8 elementor-section-height-min-height elementor-section-full_width elementor-section-height-default elementor-section-items-middle\" data-id=\"6e6b5e8\" data-element_type=\"section\" data-e-type=\"section\" data-settings=\"{&quot;background_background&quot;:&quot;classic&quot;}\">\n\t\t\t\t\t\t\t<div class=\"elementor-background-overlay\"><\/div>\n\t\t\t\t\t\t\t<div class=\"elementor-container elementor-column-gap-default\">\n\t\t\t\t\t<div class=\"elementor-column elementor-col-100 elementor-top-column elementor-element elementor-element-3b4247d\" data-id=\"3b4247d\" data-element_type=\"column\" data-e-type=\"column\">\n\t\t\t<div class=\"elementor-widget-wrap elementor-element-populated\">\n\t\t\t\t\t\t<div class=\"elementor-element elementor-element-15da028 elementor-align-center elementor-widget__width-initial elementor-widget elementor-widget-button\" data-id=\"15da028\" data-element_type=\"widget\" data-e-type=\"widget\" data-widget_type=\"button.default\">\n\t\t\t\t<div class=\"elementor-widget-container\">\n\t\t\t\t\t\t\t\t\t<div class=\"elementor-button-wrapper\">\n\t\t\t\t\t<a class=\"elementor-button elementor-button-link elementor-size-xl\" href=\"https:\/\/pamgm.ca\/fr\/request-a-quote\/?src=promotions\">\n\t\t\t\t\t\t<span class=\"elementor-button-content-wrapper\">\n\t\t\t\t\t\t\t\t\t<span class=\"elementor-button-text\">Demander une soumission<\/span>\n\t\t\t\t\t<\/span>\n\t\t\t\t\t<\/a>\n\t\t\t\t<\/div>\n\t\t\t\t\t\t\t\t<\/div>\n\t\t\t\t<\/div>\n\t\t\t\t\t<\/div>\n\t\t<\/div>\n\t\t\t\t\t<\/div>\n\t\t<\/section>\n\t\t\t\t<section class=\"elementor-section elementor-top-section elementor-element elementor-element-939bde1 elementor-section-boxed elementor-section-height-default elementor-section-height-default\" data-id=\"939bde1\" data-element_type=\"section\" data-e-type=\"section\">\n\t\t\t\t\t\t<div class=\"elementor-container elementor-column-gap-default\">\n\t\t\t\t\t<div class=\"elementor-column elementor-col-100 elementor-top-column elementor-element elementor-element-458ecb1\" data-id=\"458ecb1\" data-element_type=\"column\" data-e-type=\"column\">\n\t\t\t<div class=\"elementor-widget-wrap\">\n\t\t\t\t\t\t\t<\/div>\n\t\t<\/div>\n\t\t\t\t\t<\/div>\n\t\t<\/section>\n\t\t\t\t<section class=\"elementor-section elementor-top-section elementor-element elementor-element-ae3bd6d elementor-section-boxed elementor-section-height-default elementor-section-height-default\" data-id=\"ae3bd6d\" data-element_type=\"section\" data-e-type=\"section\">\n\t\t\t\t\t\t<div class=\"elementor-container elementor-column-gap-default\">\n\t\t\t\t\t<div class=\"elementor-column elementor-col-100 elementor-top-column elementor-element elementor-element-39cb169\" data-id=\"39cb169\" data-element_type=\"column\" data-e-type=\"column\">\n\t\t\t<div class=\"elementor-widget-wrap\">\n\t\t\t\t\t\t\t<\/div>\n\t\t<\/div>\n\t\t\t\t\t<\/div>\n\t\t<\/section>\n\t\t\t\t<\/div>","protected":false},"excerpt":{"rendered":"<p>Order now! Contact us or request a quote today. Promo du Jour &#8211; t-shirts Le recto-verso le Kit brod\u00e9 un c\u00f4t\u00e9 Promotion camps de Jours OFFRE R\u00c9IMPRESSION \u2013 5% DE R\u00c9DUCTION Team offer Request a quote<\/p>","protected":false},"author":1,"featured_media":0,"parent":0,"menu_order":0,"comment_status":"closed","ping_status":"closed","template":"","meta":{"ocean_post_layout":"full-screen","ocean_both_sidebars_style":"","ocean_both_sidebars_content_width":0,"ocean_both_sidebars_sidebars_width":0,"ocean_sidebar":"0","ocean_second_sidebar":"0","ocean_disable_margins":"enable","ocean_add_body_class":"","ocean_shortcode_before_top_bar":"","ocean_shortcode_after_top_bar":"","ocean_shortcode_before_header":"","ocean_shortcode_after_header":"","ocean_has_shortcode":"","ocean_shortcode_after_title":"","ocean_shortcode_before_footer_widgets":"","ocean_shortcode_after_footer_widgets":"","ocean_shortcode_before_footer_bottom":"","ocean_shortcode_after_footer_bottom":"","ocean_display_top_bar":"default","ocean_display_header":"default","ocean_header_style":"","ocean_center_header_left_menu":"0","ocean_custom_header_template":"0","ocean_custom_logo":0,"ocean_custom_retina_logo":0,"ocean_custom_logo_max_width":0,"ocean_custom_logo_tablet_max_width":0,"ocean_custom_logo_mobile_max_width":0,"ocean_custom_logo_max_height":0,"ocean_custom_logo_tablet_max_height":0,"ocean_custom_logo_mobile_max_height":0,"ocean_header_custom_menu":"0","ocean_menu_typo_font_family":"0","ocean_menu_typo_font_subset":"","ocean_menu_typo_font_size":0,"ocean_menu_typo_font_size_tablet":0,"ocean_menu_typo_font_size_mobile":0,"ocean_menu_typo_font_size_unit":"px","ocean_menu_typo_font_weight":"","ocean_menu_typo_font_weight_tablet":"","ocean_menu_typo_font_weight_mobile":"","ocean_menu_typo_transform":"","ocean_menu_typo_transform_tablet":"","ocean_menu_typo_transform_mobile":"","ocean_menu_typo_line_height":0,"ocean_menu_typo_line_height_tablet":0,"ocean_menu_typo_line_height_mobile":0,"ocean_menu_typo_line_height_unit":"","ocean_menu_typo_spacing":0,"ocean_menu_typo_spacing_tablet":0,"ocean_menu_typo_spacing_mobile":0,"ocean_menu_typo_spacing_unit":"","ocean_menu_link_color":"","ocean_menu_link_color_hover":"","ocean_menu_link_color_active":"","ocean_menu_link_background":"","ocean_menu_link_hover_background":"","ocean_menu_link_active_background":"","ocean_menu_social_links_bg":"","ocean_menu_social_hover_links_bg":"","ocean_menu_social_links_color":"","ocean_menu_social_hover_links_color":"","ocean_disable_title":"default","ocean_disable_heading":"default","ocean_post_title":"","ocean_post_subheading":"","ocean_post_title_style":"","ocean_post_title_background_color":"","ocean_post_title_background":0,"ocean_post_title_bg_image_position":"","ocean_post_title_bg_image_attachment":"","ocean_post_title_bg_image_repeat":"","ocean_post_title_bg_image_size":"","ocean_post_title_height":0,"ocean_post_title_bg_overlay":0.5,"ocean_post_title_bg_overlay_color":"","ocean_disable_breadcrumbs":"default","ocean_breadcrumbs_color":"","ocean_breadcrumbs_separator_color":"","ocean_breadcrumbs_links_color":"","ocean_breadcrumbs_links_hover_color":"","ocean_display_footer_widgets":"default","ocean_display_footer_bottom":"default","ocean_custom_footer_template":"0","footnotes":""},"class_list":["post-1900645","page","type-page","status-publish","hentry","entry","owp-thumbs-layout-horizontal","owp-btn-normal","owp-tabs-layout-horizontal","has-no-thumbnails","has-product-nav"],"yoast_head":"<!-- This site is optimized with the Yoast SEO plugin v27.2 - https:\/\/yoast.com\/product\/yoast-seo-wordpress\/ -->\n<title>Promotions - Pam GM Concepts<\/title>\n<meta name=\"robots\" content=\"index, follow, max-snippet:-1, max-image-preview:large, max-video-preview:-1\" \/>\n<link rel=\"canonical\" href=\"https:\/\/pamgm.ca\/fr\/promotions\/\" \/>\n<meta property=\"og:locale\" content=\"fr_CA\" \/>\n<meta property=\"og:type\" content=\"article\" \/>\n<meta property=\"og:title\" content=\"Promotions - Pam GM Concepts\" \/>\n<meta property=\"og:description\" content=\"Order now! Contact us or request a quote today. Promo du Jour &#8211; t-shirts Le recto-verso le Kit brod\u00e9 un c\u00f4t\u00e9 Promotion camps de Jours OFFRE R\u00c9IMPRESSION \u2013 5% DE R\u00c9DUCTION Team offer Request a quote\" \/>\n<meta property=\"og:url\" content=\"https:\/\/pamgm.ca\/fr\/promotions\/\" \/>\n<meta property=\"og:site_name\" content=\"Pam GM Concepts\" \/>\n<meta property=\"article:modified_time\" content=\"2026-04-14T14:28:38+00:00\" \/>\n<meta property=\"og:image\" content=\"https:\/\/pamgm.ca\/wp-content\/uploads\/2026\/04\/Chandails-imprimes.png\" \/>\n<meta name=\"twitter:card\" content=\"summary_large_image\" \/>\n<meta name=\"twitter:label1\" content=\"Estimation du temps de lecture\" \/>\n\t<meta name=\"twitter:data1\" content=\"2 minutes\" \/>\n<script type=\"application\/ld+json\" class=\"yoast-schema-graph\">{\"@context\":\"https:\/\/schema.org\",\"@graph\":[{\"@type\":\"WebPage\",\"@id\":\"https:\/\/pamgm.ca\/promotions\/\",\"url\":\"https:\/\/pamgm.ca\/promotions\/\",\"name\":\"Promotions - Pam GM Concepts\",\"isPartOf\":{\"@id\":\"https:\/\/pamgm.ca\/#website\"},\"primaryImageOfPage\":{\"@id\":\"https:\/\/pamgm.ca\/promotions\/#primaryimage\"},\"image\":{\"@id\":\"https:\/\/pamgm.ca\/promotions\/#primaryimage\"},\"thumbnailUrl\":\"https:\/\/pamgm.ca\/wp-content\/uploads\/2026\/04\/Chandails-imprimes.png\",\"datePublished\":\"2025-05-09T16:05:16+00:00\",\"dateModified\":\"2026-04-14T14:28:38+00:00\",\"breadcrumb\":{\"@id\":\"https:\/\/pamgm.ca\/promotions\/#breadcrumb\"},\"inLanguage\":\"fr-CA\",\"potentialAction\":[{\"@type\":\"ReadAction\",\"target\":[\"https:\/\/pamgm.ca\/promotions\/\"]}]},{\"@type\":\"ImageObject\",\"inLanguage\":\"fr-CA\",\"@id\":\"https:\/\/pamgm.ca\/promotions\/#primaryimage\",\"url\":\"https:\/\/pamgm.ca\/wp-content\/uploads\/2026\/04\/Chandails-imprimes.png\",\"contentUrl\":\"https:\/\/pamgm.ca\/wp-content\/uploads\/2026\/04\/Chandails-imprimes.png\"},{\"@type\":\"BreadcrumbList\",\"@id\":\"https:\/\/pamgm.ca\/promotions\/#breadcrumb\",\"itemListElement\":[{\"@type\":\"ListItem\",\"position\":1,\"name\":\"Home\",\"item\":\"https:\/\/pamgm.ca\/\"},{\"@type\":\"ListItem\",\"position\":2,\"name\":\"Promotions\"}]},{\"@type\":\"WebSite\",\"@id\":\"https:\/\/pamgm.ca\/#website\",\"url\":\"https:\/\/pamgm.ca\/\",\"name\":\"Pam GM Concepts\",\"description\":\"Custom Screen Printing &amp; Embroidery in Laval\",\"publisher\":{\"@id\":\"https:\/\/pamgm.ca\/#organization\"},\"potentialAction\":[{\"@type\":\"SearchAction\",\"target\":{\"@type\":\"EntryPoint\",\"urlTemplate\":\"https:\/\/pamgm.ca\/?s={search_term_string}\"},\"query-input\":{\"@type\":\"PropertyValueSpecification\",\"valueRequired\":true,\"valueName\":\"search_term_string\"}}],\"inLanguage\":\"fr-CA\"},{\"@type\":\"Organization\",\"@id\":\"https:\/\/pamgm.ca\/#organization\",\"name\":\"Pam GM Concepts\",\"url\":\"https:\/\/pamgm.ca\/\",\"logo\":{\"@type\":\"ImageObject\",\"inLanguage\":\"fr-CA\",\"@id\":\"https:\/\/pamgm.ca\/#\/schema\/logo\/image\/\",\"url\":\"https:\/\/pamgm.ca\/wp-content\/uploads\/2022\/06\/pamgm-2025-logo-1.png\",\"contentUrl\":\"https:\/\/pamgm.ca\/wp-content\/uploads\/2022\/06\/pamgm-2025-logo-1.png\",\"width\":250,\"height\":93,\"caption\":\"Pam GM Concepts\"},\"image\":{\"@id\":\"https:\/\/pamgm.ca\/#\/schema\/logo\/image\/\"}}]}<\/script>\n<!-- \/ Yoast SEO plugin. -->","yoast_head_json":{"title":"Promotions - Pam GM Concepts","robots":{"index":"index","follow":"follow","max-snippet":"max-snippet:-1","max-image-preview":"max-image-preview:large","max-video-preview":"max-video-preview:-1"},"canonical":"https:\/\/pamgm.ca\/fr\/promotions\/","og_locale":"fr_CA","og_type":"article","og_title":"Promotions - Pam GM Concepts","og_description":"Order now! Contact us or request a quote today. Promo du Jour &#8211; t-shirts Le recto-verso le Kit brod\u00e9 un c\u00f4t\u00e9 Promotion camps de Jours OFFRE R\u00c9IMPRESSION \u2013 5% DE R\u00c9DUCTION Team offer Request a quote","og_url":"https:\/\/pamgm.ca\/fr\/promotions\/","og_site_name":"Pam GM Concepts","article_modified_time":"2026-04-14T14:28:38+00:00","og_image":[{"url":"https:\/\/pamgm.ca\/wp-content\/uploads\/2026\/04\/Chandails-imprimes.png","type":"","width":"","height":""}],"twitter_card":"summary_large_image","twitter_misc":{"Estimation du temps de lecture":"2 minutes"},"schema":{"@context":"https:\/\/schema.org","@graph":[{"@type":"WebPage","@id":"https:\/\/pamgm.ca\/promotions\/","url":"https:\/\/pamgm.ca\/promotions\/","name":"Promotions - Pam GM Concepts","isPartOf":{"@id":"https:\/\/pamgm.ca\/#website"},"primaryImageOfPage":{"@id":"https:\/\/pamgm.ca\/promotions\/#primaryimage"},"image":{"@id":"https:\/\/pamgm.ca\/promotions\/#primaryimage"},"thumbnailUrl":"https:\/\/pamgm.ca\/wp-content\/uploads\/2026\/04\/Chandails-imprimes.png","datePublished":"2025-05-09T16:05:16+00:00","dateModified":"2026-04-14T14:28:38+00:00","breadcrumb":{"@id":"https:\/\/pamgm.ca\/promotions\/#breadcrumb"},"inLanguage":"fr-CA","potentialAction":[{"@type":"ReadAction","target":["https:\/\/pamgm.ca\/promotions\/"]}]},{"@type":"ImageObject","inLanguage":"fr-CA","@id":"https:\/\/pamgm.ca\/promotions\/#primaryimage","url":"https:\/\/pamgm.ca\/wp-content\/uploads\/2026\/04\/Chandails-imprimes.png","contentUrl":"https:\/\/pamgm.ca\/wp-content\/uploads\/2026\/04\/Chandails-imprimes.png"},{"@type":"BreadcrumbList","@id":"https:\/\/pamgm.ca\/promotions\/#breadcrumb","itemListElement":[{"@type":"ListItem","position":1,"name":"Home","item":"https:\/\/pamgm.ca\/"},{"@type":"ListItem","position":2,"name":"Promotions"}]},{"@type":"WebSite","@id":"https:\/\/pamgm.ca\/#website","url":"https:\/\/pamgm.ca\/","name":"Pam GM Concepts","description":"S\u00e9rigraphie et broderie personnalis\u00e9es \u00e0 Laval","publisher":{"@id":"https:\/\/pamgm.ca\/#organization"},"potentialAction":[{"@type":"SearchAction","target":{"@type":"EntryPoint","urlTemplate":"https:\/\/pamgm.ca\/?s={search_term_string}"},"query-input":{"@type":"PropertyValueSpecification","valueRequired":true,"valueName":"search_term_string"}}],"inLanguage":"fr-CA"},{"@type":"Organization","@id":"https:\/\/pamgm.ca\/#organization","name":"Pam GM Concepts","url":"https:\/\/pamgm.ca\/","logo":{"@type":"ImageObject","inLanguage":"fr-CA","@id":"https:\/\/pamgm.ca\/#\/schema\/logo\/image\/","url":"https:\/\/pamgm.ca\/wp-content\/uploads\/2022\/06\/pamgm-2025-logo-1.png","contentUrl":"https:\/\/pamgm.ca\/wp-content\/uploads\/2022\/06\/pamgm-2025-logo-1.png","width":250,"height":93,"caption":"Pam GM Concepts"},"image":{"@id":"https:\/\/pamgm.ca\/#\/schema\/logo\/image\/"}}]}},"_links":{"self":[{"href":"https:\/\/pamgm.ca\/fr\/wp-json\/wp\/v2\/pages\/1900645","targetHints":{"allow":["GET"]}}],"collection":[{"href":"https:\/\/pamgm.ca\/fr\/wp-json\/wp\/v2\/pages"}],"about":[{"href":"https:\/\/pamgm.ca\/fr\/wp-json\/wp\/v2\/types\/page"}],"author":[{"embeddable":true,"href":"https:\/\/pamgm.ca\/fr\/wp-json\/wp\/v2\/users\/1"}],"replies":[{"embeddable":true,"href":"https:\/\/pamgm.ca\/fr\/wp-json\/wp\/v2\/comments?post=1900645"}],"version-history":[{"count":15,"href":"https:\/\/pamgm.ca\/fr\/wp-json\/wp\/v2\/pages\/1900645\/revisions"}],"predecessor-version":[{"id":1901617,"href":"https:\/\/pamgm.ca\/fr\/wp-json\/wp\/v2\/pages\/1900645\/revisions\/1901617"}],"wp:attachment":[{"href":"https:\/\/pamgm.ca\/fr\/wp-json\/wp\/v2\/media?parent=1900645"}],"curies":[{"name":"wp","href":"https:\/\/api.w.org\/{rel}","templated":true}]}}