{"id":1890979,"date":"2024-02-08T17:18:24","date_gmt":"2024-02-08T17:18:24","guid":{"rendered":"https:\/\/pamgm.ca\/?post_type=product&#038;p=1890979"},"modified":"2025-03-24T12:23:50","modified_gmt":"2025-03-24T12:23:50","slug":"custom-embroidered-patches","status":"publish","type":"product","link":"https:\/\/pamgm.ca\/fr\/produit\/custom-embroidered-patches\/","title":{"rendered":"\u00c9cussons personnalis\u00e9s brod\u00e9s"},"content":{"rendered":"","protected":false},"excerpt":{"rendered":"<p>Prix pour les patchs brod\u00e9s<br \/>\n<img fetchpriority=\"high\" decoding=\"async\" class=\"size-full wp-image-1890980 alignleft\" src=\"https:\/\/pamgm.ca\/wp-content\/uploads\/2024\/02\/embroidered-patches-prices.png\" alt=\"\" width=\"720\" height=\"188\" srcset=\"https:\/\/pamgm.ca\/wp-content\/uploads\/2024\/02\/embroidered-patches-prices.png 720w, https:\/\/pamgm.ca\/wp-content\/uploads\/2024\/02\/embroidered-patches-prices-300x78.avif 300w, https:\/\/pamgm.ca\/wp-content\/uploads\/2024\/02\/embroidered-patches-prices-18x5.avif 18w\" sizes=\"(max-width: 720px) 100vw, 720px\" \/><\/p>","protected":false},"featured_media":1890986,"template":"","meta":{"ocean_post_layout":"","ocean_both_sidebars_style":"","ocean_both_sidebars_content_width":0,"ocean_both_sidebars_sidebars_width":0,"ocean_sidebar":"0","ocean_second_sidebar":"0","ocean_disable_margins":"enable","ocean_add_body_class":"","ocean_shortcode_before_top_bar":"","ocean_shortcode_after_top_bar":"","ocean_shortcode_before_header":"","ocean_shortcode_after_header":"","ocean_has_shortcode":"","ocean_shortcode_after_title":"","ocean_shortcode_before_footer_widgets":"","ocean_shortcode_after_footer_widgets":"","ocean_shortcode_before_footer_bottom":"","ocean_shortcode_after_footer_bottom":"","ocean_display_top_bar":"default","ocean_display_header":"default","ocean_header_style":"","ocean_center_header_left_menu":"0","ocean_custom_header_template":"0","ocean_custom_logo":0,"ocean_custom_retina_logo":0,"ocean_custom_logo_max_width":0,"ocean_custom_logo_tablet_max_width":0,"ocean_custom_logo_mobile_max_width":0,"ocean_custom_logo_max_height":0,"ocean_custom_logo_tablet_max_height":0,"ocean_custom_logo_mobile_max_height":0,"ocean_header_custom_menu":"0","ocean_menu_typo_font_family":"0","ocean_menu_typo_font_subset":"","ocean_menu_typo_font_size":0,"ocean_menu_typo_font_size_tablet":0,"ocean_menu_typo_font_size_mobile":0,"ocean_menu_typo_font_size_unit":"px","ocean_menu_typo_font_weight":"","ocean_menu_typo_font_weight_tablet":"","ocean_menu_typo_font_weight_mobile":"","ocean_menu_typo_transform":"","ocean_menu_typo_transform_tablet":"","ocean_menu_typo_transform_mobile":"","ocean_menu_typo_line_height":0,"ocean_menu_typo_line_height_tablet":0,"ocean_menu_typo_line_height_mobile":0,"ocean_menu_typo_line_height_unit":"","ocean_menu_typo_spacing":0,"ocean_menu_typo_spacing_tablet":0,"ocean_menu_typo_spacing_mobile":0,"ocean_menu_typo_spacing_unit":"","ocean_menu_link_color":"","ocean_menu_link_color_hover":"","ocean_menu_link_color_active":"","ocean_menu_link_background":"","ocean_menu_link_hover_background":"","ocean_menu_link_active_background":"","ocean_menu_social_links_bg":"","ocean_menu_social_hover_links_bg":"","ocean_menu_social_links_color":"","ocean_menu_social_hover_links_color":"","ocean_disable_title":"default","ocean_disable_heading":"default","ocean_post_title":"","ocean_post_subheading":"","ocean_post_title_style":"","ocean_post_title_background_color":"","ocean_post_title_background":0,"ocean_post_title_bg_image_position":"","ocean_post_title_bg_image_attachment":"","ocean_post_title_bg_image_repeat":"","ocean_post_title_bg_image_size":"","ocean_post_title_height":0,"ocean_post_title_bg_overlay":0.5,"ocean_post_title_bg_overlay_color":"","ocean_disable_breadcrumbs":"default","ocean_breadcrumbs_color":"","ocean_breadcrumbs_separator_color":"","ocean_breadcrumbs_links_color":"","ocean_breadcrumbs_links_hover_color":"","ocean_display_footer_widgets":"default","ocean_display_footer_bottom":"default","ocean_custom_footer_template":"0"},"product_brand":[],"product_cat":[419],"product_tag":[],"class_list":{"0":"post-1890979","1":"product","2":"type-product","3":"status-publish","4":"has-post-thumbnail","6":"product_cat-adult-custom-products","8":"entry","9":"has-media","10":"wcpa_has_options","12":"first","13":"instock","14":"taxable","15":"shipping-taxable","16":"purchasable","17":"product-type-simple","18":"has-product-nav","19":"col","20":"span_1_of_3","21":"owp-content-center","22":"owp-thumbs-layout-horizontal","23":"owp-btn-normal","24":"owp-tabs-layout-horizontal"},"yoast_head":"<!-- This site is optimized with the Yoast SEO plugin v27.2 - https:\/\/yoast.com\/product\/yoast-seo-wordpress\/ -->\n<title>Embroidered Custom Patches - Pam GM Concepts<\/title>\n<meta name=\"robots\" content=\"index, follow, max-snippet:-1, max-image-preview:large, max-video-preview:-1\" \/>\n<link rel=\"canonical\" href=\"https:\/\/pamgm.ca\/fr\/produit\/custom-embroidered-patches\/\" \/>\n<meta property=\"og:locale\" content=\"fr_CA\" \/>\n<meta property=\"og:type\" content=\"article\" \/>\n<meta property=\"og:title\" content=\"Embroidered Custom Patches - Pam GM Concepts\" \/>\n<meta property=\"og:description\" content=\"Prices for Embroidered Patches\" \/>\n<meta property=\"og:url\" content=\"https:\/\/pamgm.ca\/fr\/produit\/custom-embroidered-patches\/\" \/>\n<meta property=\"og:site_name\" content=\"Pam GM Concepts\" \/>\n<meta property=\"article:modified_time\" content=\"2025-03-24T12:23:50+00:00\" \/>\n<meta property=\"og:image\" content=\"https:\/\/pamgm.ca\/wp-content\/uploads\/2024\/02\/4-png.avif\" \/>\n\t<meta property=\"og:image:width\" content=\"500\" \/>\n\t<meta property=\"og:image:height\" content=\"500\" \/>\n\t<meta property=\"og:image:type\" content=\"image\/png\" \/>\n<meta name=\"twitter:card\" content=\"summary_large_image\" \/>\n<meta name=\"twitter:label1\" content=\"Estimation du temps de lecture\" \/>\n\t<meta name=\"twitter:data1\" content=\"1 minute\" \/>\n<script type=\"application\/ld+json\" class=\"yoast-schema-graph\">{\"@context\":\"https:\/\/schema.org\",\"@graph\":[{\"@type\":\"WebPage\",\"@id\":\"https:\/\/pamgm.ca\/product\/custom-embroidered-patches\/\",\"url\":\"https:\/\/pamgm.ca\/product\/custom-embroidered-patches\/\",\"name\":\"Embroidered Custom Patches - Pam GM Concepts\",\"isPartOf\":{\"@id\":\"https:\/\/pamgm.ca\/#website\"},\"primaryImageOfPage\":{\"@id\":\"https:\/\/pamgm.ca\/product\/custom-embroidered-patches\/#primaryimage\"},\"image\":{\"@id\":\"https:\/\/pamgm.ca\/product\/custom-embroidered-patches\/#primaryimage\"},\"thumbnailUrl\":\"https:\/\/pamgm.ca\/wp-content\/uploads\/2024\/02\/4-png.avif\",\"datePublished\":\"2024-02-08T17:18:24+00:00\",\"dateModified\":\"2025-03-24T12:23:50+00:00\",\"breadcrumb\":{\"@id\":\"https:\/\/pamgm.ca\/product\/custom-embroidered-patches\/#breadcrumb\"},\"inLanguage\":\"fr-CA\",\"potentialAction\":[{\"@type\":\"ReadAction\",\"target\":[\"https:\/\/pamgm.ca\/product\/custom-embroidered-patches\/\"]}]},{\"@type\":\"ImageObject\",\"inLanguage\":\"fr-CA\",\"@id\":\"https:\/\/pamgm.ca\/product\/custom-embroidered-patches\/#primaryimage\",\"url\":\"https:\/\/pamgm.ca\/wp-content\/uploads\/2024\/02\/4-png.avif\",\"contentUrl\":\"https:\/\/pamgm.ca\/wp-content\/uploads\/2024\/02\/4-png.avif\",\"width\":500,\"height\":500},{\"@type\":\"BreadcrumbList\",\"@id\":\"https:\/\/pamgm.ca\/product\/custom-embroidered-patches\/#breadcrumb\",\"itemListElement\":[{\"@type\":\"ListItem\",\"position\":1,\"name\":\"Home\",\"item\":\"https:\/\/pamgm.ca\/\"},{\"@type\":\"ListItem\",\"position\":2,\"name\":\"Private: Product Page\",\"item\":\"https:\/\/pamgm.ca\/?page_id=10\"},{\"@type\":\"ListItem\",\"position\":3,\"name\":\"Embroidered Custom Patches\"}]},{\"@type\":\"WebSite\",\"@id\":\"https:\/\/pamgm.ca\/#website\",\"url\":\"https:\/\/pamgm.ca\/\",\"name\":\"Pam GM Concepts\",\"description\":\"Custom Screen Printing &amp; Embroidery in Laval\",\"publisher\":{\"@id\":\"https:\/\/pamgm.ca\/#organization\"},\"potentialAction\":[{\"@type\":\"SearchAction\",\"target\":{\"@type\":\"EntryPoint\",\"urlTemplate\":\"https:\/\/pamgm.ca\/?s={search_term_string}\"},\"query-input\":{\"@type\":\"PropertyValueSpecification\",\"valueRequired\":true,\"valueName\":\"search_term_string\"}}],\"inLanguage\":\"fr-CA\"},{\"@type\":\"Organization\",\"@id\":\"https:\/\/pamgm.ca\/#organization\",\"name\":\"Pam GM Concepts\",\"url\":\"https:\/\/pamgm.ca\/\",\"logo\":{\"@type\":\"ImageObject\",\"inLanguage\":\"fr-CA\",\"@id\":\"https:\/\/pamgm.ca\/#\/schema\/logo\/image\/\",\"url\":\"https:\/\/pamgm.ca\/wp-content\/uploads\/2022\/06\/pamgm-2025-logo-1.png\",\"contentUrl\":\"https:\/\/pamgm.ca\/wp-content\/uploads\/2022\/06\/pamgm-2025-logo-1.png\",\"width\":250,\"height\":93,\"caption\":\"Pam GM Concepts\"},\"image\":{\"@id\":\"https:\/\/pamgm.ca\/#\/schema\/logo\/image\/\"}}]}<\/script>\n<!-- \/ Yoast SEO plugin. -->","yoast_head_json":{"title":"Embroidered Custom Patches - Pam GM Concepts","robots":{"index":"index","follow":"follow","max-snippet":"max-snippet:-1","max-image-preview":"max-image-preview:large","max-video-preview":"max-video-preview:-1"},"canonical":"https:\/\/pamgm.ca\/fr\/produit\/custom-embroidered-patches\/","og_locale":"fr_CA","og_type":"article","og_title":"Embroidered Custom Patches - Pam GM Concepts","og_description":"Prices for Embroidered Patches","og_url":"https:\/\/pamgm.ca\/fr\/produit\/custom-embroidered-patches\/","og_site_name":"Pam GM Concepts","article_modified_time":"2025-03-24T12:23:50+00:00","og_image":[{"width":500,"height":500,"url":"https:\/\/pamgm.ca\/wp-content\/uploads\/2024\/02\/4-png.avif","type":"image\/png"}],"twitter_card":"summary_large_image","twitter_misc":{"Estimation du temps de lecture":"1 minute"},"schema":{"@context":"https:\/\/schema.org","@graph":[{"@type":"WebPage","@id":"https:\/\/pamgm.ca\/product\/custom-embroidered-patches\/","url":"https:\/\/pamgm.ca\/product\/custom-embroidered-patches\/","name":"Embroidered Custom Patches - Pam GM Concepts","isPartOf":{"@id":"https:\/\/pamgm.ca\/#website"},"primaryImageOfPage":{"@id":"https:\/\/pamgm.ca\/product\/custom-embroidered-patches\/#primaryimage"},"image":{"@id":"https:\/\/pamgm.ca\/product\/custom-embroidered-patches\/#primaryimage"},"thumbnailUrl":"https:\/\/pamgm.ca\/wp-content\/uploads\/2024\/02\/4-png.avif","datePublished":"2024-02-08T17:18:24+00:00","dateModified":"2025-03-24T12:23:50+00:00","breadcrumb":{"@id":"https:\/\/pamgm.ca\/product\/custom-embroidered-patches\/#breadcrumb"},"inLanguage":"fr-CA","potentialAction":[{"@type":"ReadAction","target":["https:\/\/pamgm.ca\/product\/custom-embroidered-patches\/"]}]},{"@type":"ImageObject","inLanguage":"fr-CA","@id":"https:\/\/pamgm.ca\/product\/custom-embroidered-patches\/#primaryimage","url":"https:\/\/pamgm.ca\/wp-content\/uploads\/2024\/02\/4-png.avif","contentUrl":"https:\/\/pamgm.ca\/wp-content\/uploads\/2024\/02\/4-png.avif","width":500,"height":500},{"@type":"BreadcrumbList","@id":"https:\/\/pamgm.ca\/product\/custom-embroidered-patches\/#breadcrumb","itemListElement":[{"@type":"ListItem","position":1,"name":"Home","item":"https:\/\/pamgm.ca\/"},{"@type":"ListItem","position":2,"name":"Private: Product Page","item":"https:\/\/pamgm.ca\/?page_id=10"},{"@type":"ListItem","position":3,"name":"Embroidered Custom Patches"}]},{"@type":"WebSite","@id":"https:\/\/pamgm.ca\/#website","url":"https:\/\/pamgm.ca\/","name":"Pam GM Concepts","description":"S\u00e9rigraphie et broderie personnalis\u00e9es \u00e0 Laval","publisher":{"@id":"https:\/\/pamgm.ca\/#organization"},"potentialAction":[{"@type":"SearchAction","target":{"@type":"EntryPoint","urlTemplate":"https:\/\/pamgm.ca\/?s={search_term_string}"},"query-input":{"@type":"PropertyValueSpecification","valueRequired":true,"valueName":"search_term_string"}}],"inLanguage":"fr-CA"},{"@type":"Organization","@id":"https:\/\/pamgm.ca\/#organization","name":"Pam GM Concepts","url":"https:\/\/pamgm.ca\/","logo":{"@type":"ImageObject","inLanguage":"fr-CA","@id":"https:\/\/pamgm.ca\/#\/schema\/logo\/image\/","url":"https:\/\/pamgm.ca\/wp-content\/uploads\/2022\/06\/pamgm-2025-logo-1.png","contentUrl":"https:\/\/pamgm.ca\/wp-content\/uploads\/2022\/06\/pamgm-2025-logo-1.png","width":250,"height":93,"caption":"Pam GM Concepts"},"image":{"@id":"https:\/\/pamgm.ca\/#\/schema\/logo\/image\/"}}]}},"wcpa_form_fields":{"wcpaData":{"product":{"product_price":6.5,"price_html":"<span class=\"woocommerce-Price-amount amount\"><bdi><span class=\"woocommerce-Price-currencySymbol\">&#36;<\/span>6.50<\/bdi><\/span>","original_product_price":6.5,"price_including_tax":7.48,"price_excluding_tax":6.5,"product_id":{"parent":1890979,"variation":false},"is_variable":false,"stock_status":"instock","stock_quantity":null,"parent_sku":"","product_attributes":[],"custom_fields":[],"is_taxable":true,"product_name":"Embroidered Custom Patches","hasImage":false},"fields":{"sec_865c4dfdca28d5":{"extra":{"key":"sec_865c4dfdca28d5","section_id":"sec_865c4dfdca28d5","name":"Default","status":1,"cl_rule":"show","enableCl":false,"relations":[],"toggle":true,"title_tag":"h3","show_title":false,"showPrice":"default","form_id":1890978,"form_rules":{"exclude_from_discount":false,"fee_label":"Fee","disp_hide_options_price":false,"disp_show_section_price":false,"disp_show_field_price":true,"layout_option":"standard","pric_use_as_fee":false,"process_fee_as":"woo_fee"},"layout_option":"standard"},"fields":[[{"active":true,"col":6,"relations":false,"cl_rule":"show","enableCl":false,"price":"","enablePrice":false,"className":"","label_position":"default","desc_position":"default","type":"header","required":false,"elementId":"header_3994784430","label":"Custom embroidered patchs","subtype":"h1","error":false,"gt_translate_keys":["label"],"price_dependency":false,"cl_dependency":false,"value":""}],[{"active":true,"col":6,"relations":false,"cl_rule":"show","enableCl":false,"price":"","enablePrice":false,"className":"","label_position":"default","desc_position":"default","type":"content","required":false,"elementId":"content_3965604429","label":"","name":"content_3965604429","contentType":"plain","value":"\u2022 Includes Iron on backing (for any other types of backing please contact us)\n\u2022 Includes up to 9 thread colors\n\u2022 Border Options: Merrowed\n\u2022 We can use basic shapes or follow the contour of the logo, we will suggest the best options depending on your design","error":false,"gt_translate_keys":["label","value"],"price_dependency":false,"cl_dependency":false}],[{"active":true,"col":6,"relations":false,"cl_rule":"show","enableCl":false,"price":"","enablePrice":true,"className":"","label_position":"default","desc_position":"default","type":"select","required":true,"elementId":"select_4029427411","label":"Patch Size","name":"select_4029427411","values":[{"label":"2\"","value":"Option - 1","selected":false,"tempId":"aco_391","formulaId":"fmla_1707440927830423842","gt_translate_keys":["label"]},{"label":"2.5\"","value":"Option - 2","selected":false,"tempId":"aco_392","formulaId":"fmla_1707407166361453298","gt_translate_keys":["label"]},{"label":"3'","value":"Option - 3","selected":false,"tempId":"aco_393","formulaId":"fmla_1707489379634906716","gt_translate_keys":["label"]},{"label":"3.5\"","value":"Option - 4","selected":false,"tempId":"aco_475","formulaId":"fmla_1707407235634277100","gt_translate_keys":["label"]},{"label":"4\"","value":"Option - 5","selected":false,"tempId":"aco_485","formulaId":"fmla_1707489449012330857","gt_translate_keys":["label"]},{"label":"4.5\"","value":"Option - 6","selected":false,"tempId":"aco_495","formulaId":"fmla_1707489518806533451","gt_translate_keys":["label"]},{"label":"5\"","value":"Option- 7","selected":false,"tempId":"aco_721","formulaId":"fmla_1707489659502193508","gt_translate_keys":["label"]},{"label":"6\" or More","value":"call for price","selected":false,"tempId":"aco_902","formulaId":"fmla_1707407631734146880","gt_translate_keys":["label"]}],"dropdown_type":"basic","error":false,"enable_quantity":true,"quantity_label":"Quantity","priceOptions":"different_for_all","pricingType":"custom","isTemplate":true,"min_quantity":"8","formulaId":"fmla_1707403630719933044","hideFieldIn_cart":false,"option_price_format":"","multiple":false,"gt_translate_keys":["label","quantity_label"],"price_dependency":false,"cl_dependency":["content_9088231811"],"value":""}],[{"active":true,"col":6,"relations":[{"operator":false,"rules":[{"operator":"AND","rules":{"cl_field":"select_4029427411","cl_relation":"is","cl_val":"call for price"}}]}],"cl_rule":"show","enableCl":true,"price":"","enablePrice":false,"className":"","label_position":"default","desc_position":"default","type":"content","required":false,"elementId":"content_9088231811","label":"You nead Larger patches?","name":"content_9088231811","contentType":"plain","value":"\nFor patches Larger than 5\", please contact us for a quote ","error":false,"scrollBar":false,"enableDesign":true,"LabelColor":"#d0021b","DescColor":"#ac0f0f","gt_translate_keys":["label","value"],"price_dependency":false,"cl_dependency":false}],[{"active":true,"col":6,"relations":[{"operator":false,"rules":[{"operator":"AND","rules":{"cl_field":"","cl_relation":"","cl_val":""}}]}],"cl_rule":"show","enableCl":false,"price":"","enablePrice":false,"className":"","label_position":"default","desc_position":"default","type":"file","required":false,"elementId":"file_2832133208","name":"file_2832133208","label":"File Upload Field","upload_type":"ajax","uploadSize":500,"file_types":["images","docs","design"],"description":"Please upload your logo","error":false,"allowedFileTypes":"image\/*,.doc,.docx,.xml,.dot,.docm,.dotm,.dotx,.htm,.html,.odt,.pdf,.rtf,.txt,.wps,.xps,application\/msword,application\/vnd,.psd,.eps,.ai,.indd,.raw","gt_translate_keys":["label","description"],"price_dependency":false,"cl_dependency":false,"value":""}],[{"active":true,"col":6,"relations":false,"cl_rule":"show","enableCl":false,"price":"","enablePrice":false,"className":"","label_position":"default","desc_position":"default","type":"textarea","required":false,"elementId":"textarea_5911995752","label":"More information","name":"textarea_5911995752","value":"","rows":2,"error":false,"description":"Please ad any specific information or details, otherwise we will use your logo to offer the best design option for your patch. All designs will be sent to you for approval.","gt_translate_keys":["label","description","value"],"price_dependency":false,"cl_dependency":false}]]}},"config":{"price_override":"if_gt_zero","enable_recaptcha":false,"bind_quantity":false,"quantity_bind_formula":false,"disp_summ_show_option_price":true,"disp_summ_show_product_price":false,"disp_summ_show_total_price":true,"disp_summ_show_fee":false,"disp_summ_show_discount":false,"summary_title":"","options_total_label":"Options Price","total_label":"Total","options_product_label":"Product Price","fee_label":"Fee","discount_label":"Discount","has_price":true,"has_quantity_formula":false},"mc_unit":1,"tax_rate":1,"tax_rate_real":0.14975,"discount":{"percentage":0,"fixed":0},"design":{"conf":{"LabelPosition":"above","DescPosition":"above","UploadField":"custom_1","QuantityFieldStyle":"default"},"css":{"LeftLabelWidth":"120px"}},"formulas":{"fmla_1707407166361453298":"(({field.select_4029427411.quantity}>500)?(1.65):(({field.select_4029427411.quantity}>287)?(1.68):(({field.select_4029427411.quantity}>191)?(2.02):(({field.select_4029427411.quantity}>95)?(2.71):(({field.select_4029427411.quantity}>47)?(4.59):(({field.select_4029427411.quantity}>23)?(6.50):(({field.select_4029427411.quantity}>7)?(8.75):(8.75))))))))","fmla_1707407235634277100":"(({field.select_4029427411.quantity}>499)?({field.select_4029427411.quantity}*2.20):(({field.select_4029427411.quantity}>287)?(2.24):(({field.select_4029427411.quantity}>191)?(2.46):(({field.select_4029427411.quantity}>95)?(3.44):(({field.select_4029427411.quantity}>47)?(7.01):(({field.select_4029427411.quantity}>23)?(10):(({field.select_4029427411.quantity}>7)?(13.25):(13.25))))))))","fmla_1707440927830423842":"(({field.select_4029427411.quantity}>499)?(1.35):(({field.select_4029427411.quantity}>287)?(1.37):(({field.select_4029427411.quantity}>191)?(1.54):(({field.select_4029427411.quantity}>95)?(2.15):(({field.select_4029427411.quantity}>47)?(4.03):(({field.select_4029427411.quantity}>23)?(5.75):(({field.select_4029427411.quantity}>7)?(7.75):(7.75))))))))","fmla_1707489379634906716":"(({field.select_4029427411.quantity}>499)?(1.95):(({field.select_4029427411.quantity}>287)?(2):(({field.select_4029427411.quantity}>191)?(2.37):(({field.select_4029427411.quantity}>95)?(2.98):(({field.select_4029427411.quantity}>47)?(6.44):(({field.select_4029427411.quantity}>23)?(9.25):(({field.select_4029427411.quantity}>7)?(12.25):(12.25))))))))","fmla_1707489449012330857":"(({field.select_4029427411.quantity}>499)?(2.45):(({field.select_4029427411.quantity}>287)?(2.49):(({field.select_4029427411.quantity}>191)?(2.88):(({field.select_4029427411.quantity}>95)?(4.10):(({field.select_4029427411.quantity}>47)?(7.74):(({field.select_4029427411.quantity}>23)?(11):(({field.select_4029427411.quantity}>7)?(14.75):(14.75))))))))","fmla_1707489518806533451":"(({field.select_4029427411.quantity}>499)?(2.91):(({field.select_4029427411.quantity}>287)?(2.96):(({field.select_4029427411.quantity}>191)?(3.43):(({field.select_4029427411.quantity}>95)?(4.63):(({field.select_4029427411.quantity}>47)?(9.29):(({field.select_4029427411.quantity}>23)?(13.25):(({field.select_4029427411.quantity}>7)?(17.75):(17.75))))))))","fmla_1707489659502193508":"(({field.select_4029427411.quantity}>499)?(3.06):(({field.select_4029427411.quantity}>287)?(3.1):(({field.select_4029427411.quantity}>191)?(3.48):(({field.select_4029427411.quantity}>95)?(5.64):(({field.select_4029427411.quantity}>47)?(9.66):(({field.select_4029427411.quantity}>23)?(14):(({field.select_4029427411.quantity}>7)?(18.50):(18.50))))))))"},"lookuptables":[],"clones":false,"cartKey":false}},"_links":{"self":[{"href":"https:\/\/pamgm.ca\/fr\/wp-json\/wp\/v2\/product\/1890979","targetHints":{"allow":["GET"]}}],"collection":[{"href":"https:\/\/pamgm.ca\/fr\/wp-json\/wp\/v2\/product"}],"about":[{"href":"https:\/\/pamgm.ca\/fr\/wp-json\/wp\/v2\/types\/product"}],"wp:featuredmedia":[{"embeddable":true,"href":"https:\/\/pamgm.ca\/fr\/wp-json\/wp\/v2\/media\/1890986"}],"wp:attachment":[{"href":"https:\/\/pamgm.ca\/fr\/wp-json\/wp\/v2\/media?parent=1890979"}],"wp:term":[{"taxonomy":"product_brand","embeddable":true,"href":"https:\/\/pamgm.ca\/fr\/wp-json\/wp\/v2\/product_brand?post=1890979"},{"taxonomy":"product_cat","embeddable":true,"href":"https:\/\/pamgm.ca\/fr\/wp-json\/wp\/v2\/product_cat?post=1890979"},{"taxonomy":"product_tag","embeddable":true,"href":"https:\/\/pamgm.ca\/fr\/wp-json\/wp\/v2\/product_tag?post=1890979"}],"curies":[{"name":"wp","href":"https:\/\/api.w.org\/{rel}","templated":true}]}}