{"id":1900182,"date":"2024-03-10T20:00:20","date_gmt":"2024-03-10T20:00:20","guid":{"rendered":"https:\/\/pamgm.ca\/?post_type=product&#038;p=1900182"},"modified":"2024-05-16T19:49:01","modified_gmt":"2024-05-16T19:49:01","slug":"custom-embroidered-retro-trucker-cap-6606","status":"publish","type":"product","link":"https:\/\/pamgm.ca\/fr\/produit\/custom-embroidered-retro-trucker-cap-6606\/","title":{"rendered":"Custom embroidered Retro Trucker Cap &#8211; 6606"},"content":{"rendered":"<ul>\n<li><strong>Livraison Rapide et Fiable :<\/strong> Recevez votre commande dans les 10 jours ouvrables, garantissant une livraison rapide pour r\u00e9pondre \u00e0 vos d\u00e9lais.<strong>Approbation de la Maquette Personnalis\u00e9e :<\/strong> Avant de commencer l&#8217;impression, nous vous fournissons une maquette pour votre approbation. Votre satisfaction est notre priorit\u00e9, et nous voulons nous assurer que votre design est parfait.<strong>Option de Ramassage Local \u00e0 Laval, Qu\u00e9bec :<\/strong> Pour nos clients locaux, profitez de la commodit\u00e9 de r\u00e9cup\u00e9rer votre commande \u00e0 Laval, Qu\u00e9bec.<strong>\u00c0 PROPOS DE LA CASQUETTE :<\/strong>\n<ul>\n<li>Polyester\/coton 65\/35<\/li>\n<li>Le camouflage est en polyester\/coton 85\/15<\/li>\n<li>Multicam est en polyester\/coton\/spandex 60\/39\/1<\/li>\n<li>Kryptek et Veil sont en polyester \u00e0 100%<\/li>\n<li>Dos en maille<\/li>\n<li>Structur\u00e9e, six panneaux, profil moyen<\/li>\n<li>Visi\u00e8re Permacurv\u00ae<\/li>\n<li>Le camouflage et le Multicam ont une visi\u00e8re inf\u00e9rieure noire<\/li>\n<li>Les Heather\/Noir et Heather\/Blanc ont des visi\u00e8res inf\u00e9rieures grises (avant assorties, c&#8217;est un changement en cours<\/li>\n<\/ul>\n<\/li>\n<li><\/li>\n<li><strong>Livraison Rapide et Fiable :<\/strong>Recevez votre commande dans les 10 jours ouvrables, assurant une r\u00e9alisation rapide pour respecter vos d\u00e9lais.<\/li>\n<li><\/li>\n<li><strong>Approbation Personnalis\u00e9e du Maquettage :<\/strong>Avant le d\u00e9but de l'impression, nous vous fournissons une maquette pour votre approbation. Votre satisfaction est notre priorit\u00e9, et nous voulons nous assurer que votre design est parfait.<\/li>\n<li><strong>Option de Ramassage Local \u00e0 Laval, Qu\u00e9bec :\u00a0<\/strong>Pour nos clients locaux, profitez de la commodit\u00e9 de r\u00e9cup\u00e9rer votre commande \u00e0 Laval, Qu\u00e9bec.<\/li>\n<\/ul>\n<p>ABOUT THE CAP:<\/p>\n<ul>\n<li>65\/35 polyester\/cotton<\/li>\n<li>Camo is 85\/15 polyester\/cotton<\/li>\n<li>Multicam is 60\/39\/1 polyester\/cotton\/spandex<\/li>\n<li>Kryptek and Veil are100% polyester<\/li>\n<li>Mesh back<\/li>\n<li>Structured, six-panel, mid-profile<\/li>\n<li>Permacurv\u00ae visor<\/li>\n<li>Camo and Multicam have a black undervisor<\/li>\n<li>Heather\/Black &amp; Heather\/White have grey undervisors (was matching, this is a rolling change)<\/li>\n<li>Kryptek and Veil have a silver undervisor<\/li>\n<li>Snapback\u00a0closure<\/li>\n<\/ul>\n<p><strong>\u00c9chelons de Tarification :<\/strong><\/p>\n<p>Don\u2019t miss out on this incredible opportunity to elevate your wardrobe or promote your brand with high-quality custom T-shirts.<\/p>","protected":false},"excerpt":{"rendered":"<div class=\"woocommerce-product-details__short-description\">\n<p><strong>\u00c9chelons de Tarification :<\/strong><\/p>\n<ul>\n<li>1-7 pi\u00e8ces \u00e0 29,85 $ chacune<\/li>\n<li>8-23 pi\u00e8ces \u00e0 17,27 $ chacune<\/li>\n<li>24-47 pi\u00e8ces \u00e0 16.50 $ chacune<\/li>\n<li>48-95 pi\u00e8ces \u00e0 15,50 $ chacune<\/li>\n<li>96-143 pi\u00e8ces \u00e0 14,95 $ chacune<\/li>\n<li>144-487 pi\u00e8ces \u00e0 14,00 $ chacun<\/li>\n<\/ul>\n<ul>\n<li><strong>Livraison Rapide et Fiable : <\/strong>Recevez votre commande dans les 10 jours ouvrables, assurant une r\u00e9alisation rapide pour respecter vos d\u00e9lais.<\/li>\n<li><strong>Approbation Personnalis\u00e9e du Maquettage : <\/strong>Avant le d\u00e9but de l'impression, nous vous fournissons une maquette pour votre approbation. Votre satisfaction est notre priorit\u00e9, et nous voulons nous assurer que votre design est parfait.<\/li>\n<li><strong>Option de Ramassage Local \u00e0 Laval, Qu\u00e9bec :\u00a0<\/strong>Pour nos clients locaux, profitez de la commodit\u00e9 de r\u00e9cup\u00e9rer votre commande \u00e0 Laval, Qu\u00e9bec.<\/li>\n<\/ul>\n<\/div>","protected":false},"featured_media":1900234,"template":"","meta":{"ocean_post_layout":"","ocean_both_sidebars_style":"","ocean_both_sidebars_content_width":0,"ocean_both_sidebars_sidebars_width":0,"ocean_sidebar":"0","ocean_second_sidebar":"0","ocean_disable_margins":"enable","ocean_add_body_class":"","ocean_shortcode_before_top_bar":"","ocean_shortcode_after_top_bar":"","ocean_shortcode_before_header":"","ocean_shortcode_after_header":"","ocean_has_shortcode":"","ocean_shortcode_after_title":"","ocean_shortcode_before_footer_widgets":"","ocean_shortcode_after_footer_widgets":"","ocean_shortcode_before_footer_bottom":"","ocean_shortcode_after_footer_bottom":"","ocean_display_top_bar":"default","ocean_display_header":"default","ocean_header_style":"","ocean_center_header_left_menu":"0","ocean_custom_header_template":"0","ocean_custom_logo":0,"ocean_custom_retina_logo":0,"ocean_custom_logo_max_width":0,"ocean_custom_logo_tablet_max_width":0,"ocean_custom_logo_mobile_max_width":0,"ocean_custom_logo_max_height":0,"ocean_custom_logo_tablet_max_height":0,"ocean_custom_logo_mobile_max_height":0,"ocean_header_custom_menu":"0","ocean_menu_typo_font_family":"0","ocean_menu_typo_font_subset":"","ocean_menu_typo_font_size":0,"ocean_menu_typo_font_size_tablet":0,"ocean_menu_typo_font_size_mobile":0,"ocean_menu_typo_font_size_unit":"px","ocean_menu_typo_font_weight":"","ocean_menu_typo_font_weight_tablet":"","ocean_menu_typo_font_weight_mobile":"","ocean_menu_typo_transform":"","ocean_menu_typo_transform_tablet":"","ocean_menu_typo_transform_mobile":"","ocean_menu_typo_line_height":0,"ocean_menu_typo_line_height_tablet":0,"ocean_menu_typo_line_height_mobile":0,"ocean_menu_typo_line_height_unit":"","ocean_menu_typo_spacing":0,"ocean_menu_typo_spacing_tablet":0,"ocean_menu_typo_spacing_mobile":0,"ocean_menu_typo_spacing_unit":"","ocean_menu_link_color":"","ocean_menu_link_color_hover":"","ocean_menu_link_color_active":"","ocean_menu_link_background":"","ocean_menu_link_hover_background":"","ocean_menu_link_active_background":"","ocean_menu_social_links_bg":"","ocean_menu_social_hover_links_bg":"","ocean_menu_social_links_color":"","ocean_menu_social_hover_links_color":"","ocean_disable_title":"default","ocean_disable_heading":"default","ocean_post_title":"","ocean_post_subheading":"","ocean_post_title_style":"","ocean_post_title_background_color":"","ocean_post_title_background":0,"ocean_post_title_bg_image_position":"","ocean_post_title_bg_image_attachment":"","ocean_post_title_bg_image_repeat":"","ocean_post_title_bg_image_size":"","ocean_post_title_height":0,"ocean_post_title_bg_overlay":0.5,"ocean_post_title_bg_overlay_color":"","ocean_disable_breadcrumbs":"default","ocean_breadcrumbs_color":"","ocean_breadcrumbs_separator_color":"","ocean_breadcrumbs_links_color":"","ocean_breadcrumbs_links_hover_color":"","ocean_display_footer_widgets":"default","ocean_display_footer_bottom":"default","ocean_custom_footer_template":"0"},"product_brand":[],"product_cat":[419],"product_tag":[],"class_list":{"0":"post-1900182","1":"product","2":"type-product","3":"status-publish","4":"has-post-thumbnail","6":"product_cat-adult-custom-products","8":"entry","9":"has-media","11":"first","12":"instock","13":"featured","14":"taxable","15":"shipping-taxable","16":"product-type-simple","17":"has-product-nav","18":"col","19":"span_1_of_3","20":"owp-content-center","21":"owp-thumbs-layout-horizontal","22":"owp-btn-normal","23":"owp-tabs-layout-horizontal"},"yoast_head":"<!-- This site is optimized with the Yoast SEO plugin v27.2 - https:\/\/yoast.com\/product\/yoast-seo-wordpress\/ -->\n<title>Custom embroidered Retro Trucker Cap - 6606 - Pam GM Concepts<\/title>\n<meta name=\"robots\" content=\"index, follow, max-snippet:-1, max-image-preview:large, max-video-preview:-1\" \/>\n<link rel=\"canonical\" href=\"https:\/\/pamgm.ca\/fr\/produit\/custom-embroidered-retro-trucker-cap-6606\/\" \/>\n<meta property=\"og:locale\" content=\"fr_CA\" \/>\n<meta property=\"og:type\" content=\"article\" \/>\n<meta property=\"og:title\" content=\"Custom embroidered Retro Trucker Cap - 6606 - Pam GM Concepts\" \/>\n<meta property=\"og:description\" content=\"Pricing Tiers:   1-7 pieces for $29.85 each  8-23 pieces for $17.27 each  24-47 pieces for $16.50 each  48-95 pieces for $15.50 each  96-143 pieces for $14.95 each  144-487\u00a0 pieces for $14.00 each    Fast and Reliable Delivery: Receive your order within 10 business days, ensuring a quick turnaround to meet your deadlines.  Personalized Mockup Approval: Before we start printing, we provide a mockup for your approval. Your satisfaction is our priority, and we want to ensure your design is perfect.  Local Pickup Option in Laval, Quebec:\u00a0For our local customers, enjoy the convenience of picking up your order in Laval, Quebec.\" \/>\n<meta property=\"og:url\" content=\"https:\/\/pamgm.ca\/fr\/produit\/custom-embroidered-retro-trucker-cap-6606\/\" \/>\n<meta property=\"og:site_name\" content=\"Pam GM Concepts\" \/>\n<meta property=\"article:modified_time\" content=\"2024-05-16T19:49:01+00:00\" \/>\n<meta property=\"og:image\" content=\"https:\/\/pamgm.ca\/wp-content\/uploads\/2024\/03\/IMG_6488.jpg\" \/>\n\t<meta property=\"og:image:width\" content=\"683\" \/>\n\t<meta property=\"og:image:height\" content=\"911\" \/>\n\t<meta property=\"og:image:type\" content=\"image\/jpeg\" \/>\n<meta name=\"twitter:card\" content=\"summary_large_image\" \/>\n<meta name=\"twitter:label1\" content=\"Estimation du temps de lecture\" \/>\n\t<meta name=\"twitter:data1\" content=\"2 minutes\" \/>\n<script type=\"application\/ld+json\" class=\"yoast-schema-graph\">{\"@context\":\"https:\/\/schema.org\",\"@graph\":[{\"@type\":\"WebPage\",\"@id\":\"https:\/\/pamgm.ca\/product\/custom-embroidered-retro-trucker-cap-6606\/\",\"url\":\"https:\/\/pamgm.ca\/product\/custom-embroidered-retro-trucker-cap-6606\/\",\"name\":\"Custom embroidered Retro Trucker Cap - 6606 - Pam GM Concepts\",\"isPartOf\":{\"@id\":\"https:\/\/pamgm.ca\/#website\"},\"primaryImageOfPage\":{\"@id\":\"https:\/\/pamgm.ca\/product\/custom-embroidered-retro-trucker-cap-6606\/#primaryimage\"},\"image\":{\"@id\":\"https:\/\/pamgm.ca\/product\/custom-embroidered-retro-trucker-cap-6606\/#primaryimage\"},\"thumbnailUrl\":\"https:\/\/pamgm.ca\/wp-content\/uploads\/2024\/03\/IMG_6488-e1735662124857.jpg\",\"datePublished\":\"2024-03-10T20:00:20+00:00\",\"dateModified\":\"2024-05-16T19:49:01+00:00\",\"breadcrumb\":{\"@id\":\"https:\/\/pamgm.ca\/product\/custom-embroidered-retro-trucker-cap-6606\/#breadcrumb\"},\"inLanguage\":\"fr-CA\",\"potentialAction\":[{\"@type\":\"ReadAction\",\"target\":[\"https:\/\/pamgm.ca\/product\/custom-embroidered-retro-trucker-cap-6606\/\"]}]},{\"@type\":\"ImageObject\",\"inLanguage\":\"fr-CA\",\"@id\":\"https:\/\/pamgm.ca\/product\/custom-embroidered-retro-trucker-cap-6606\/#primaryimage\",\"url\":\"https:\/\/pamgm.ca\/wp-content\/uploads\/2024\/03\/IMG_6488-e1735662124857.jpg\",\"contentUrl\":\"https:\/\/pamgm.ca\/wp-content\/uploads\/2024\/03\/IMG_6488-e1735662124857.jpg\",\"width\":683,\"height\":629},{\"@type\":\"BreadcrumbList\",\"@id\":\"https:\/\/pamgm.ca\/product\/custom-embroidered-retro-trucker-cap-6606\/#breadcrumb\",\"itemListElement\":[{\"@type\":\"ListItem\",\"position\":1,\"name\":\"Home\",\"item\":\"https:\/\/pamgm.ca\/\"},{\"@type\":\"ListItem\",\"position\":2,\"name\":\"Private: Product Page\",\"item\":\"https:\/\/pamgm.ca\/?page_id=10\"},{\"@type\":\"ListItem\",\"position\":3,\"name\":\"Custom embroidered Retro Trucker Cap &#8211; 6606\"}]},{\"@type\":\"WebSite\",\"@id\":\"https:\/\/pamgm.ca\/#website\",\"url\":\"https:\/\/pamgm.ca\/\",\"name\":\"Pam GM Concepts\",\"description\":\"Custom Screen Printing &amp; Embroidery in Laval\",\"publisher\":{\"@id\":\"https:\/\/pamgm.ca\/#organization\"},\"potentialAction\":[{\"@type\":\"SearchAction\",\"target\":{\"@type\":\"EntryPoint\",\"urlTemplate\":\"https:\/\/pamgm.ca\/?s={search_term_string}\"},\"query-input\":{\"@type\":\"PropertyValueSpecification\",\"valueRequired\":true,\"valueName\":\"search_term_string\"}}],\"inLanguage\":\"fr-CA\"},{\"@type\":\"Organization\",\"@id\":\"https:\/\/pamgm.ca\/#organization\",\"name\":\"Pam GM Concepts\",\"url\":\"https:\/\/pamgm.ca\/\",\"logo\":{\"@type\":\"ImageObject\",\"inLanguage\":\"fr-CA\",\"@id\":\"https:\/\/pamgm.ca\/#\/schema\/logo\/image\/\",\"url\":\"https:\/\/pamgm.ca\/wp-content\/uploads\/2022\/06\/pamgm-2025-logo-1.png\",\"contentUrl\":\"https:\/\/pamgm.ca\/wp-content\/uploads\/2022\/06\/pamgm-2025-logo-1.png\",\"width\":250,\"height\":93,\"caption\":\"Pam GM Concepts\"},\"image\":{\"@id\":\"https:\/\/pamgm.ca\/#\/schema\/logo\/image\/\"}}]}<\/script>\n<!-- \/ Yoast SEO plugin. -->","yoast_head_json":{"title":"Custom embroidered Retro Trucker Cap - 6606 - Pam GM Concepts","robots":{"index":"index","follow":"follow","max-snippet":"max-snippet:-1","max-image-preview":"max-image-preview:large","max-video-preview":"max-video-preview:-1"},"canonical":"https:\/\/pamgm.ca\/fr\/produit\/custom-embroidered-retro-trucker-cap-6606\/","og_locale":"fr_CA","og_type":"article","og_title":"Custom embroidered Retro Trucker Cap - 6606 - Pam GM Concepts","og_description":"Pricing Tiers:   1-7 pieces for $29.85 each  8-23 pieces for $17.27 each  24-47 pieces for $16.50 each  48-95 pieces for $15.50 each  96-143 pieces for $14.95 each  144-487\u00a0 pieces for $14.00 each    Fast and Reliable Delivery: Receive your order within 10 business days, ensuring a quick turnaround to meet your deadlines.  Personalized Mockup Approval: Before we start printing, we provide a mockup for your approval. Your satisfaction is our priority, and we want to ensure your design is perfect.  Local Pickup Option in Laval, Quebec:\u00a0For our local customers, enjoy the convenience of picking up your order in Laval, Quebec.","og_url":"https:\/\/pamgm.ca\/fr\/produit\/custom-embroidered-retro-trucker-cap-6606\/","og_site_name":"Pam GM Concepts","article_modified_time":"2024-05-16T19:49:01+00:00","og_image":[{"width":683,"height":911,"url":"https:\/\/pamgm.ca\/wp-content\/uploads\/2024\/03\/IMG_6488.jpg","type":"image\/jpeg"}],"twitter_card":"summary_large_image","twitter_misc":{"Estimation du temps de lecture":"2 minutes"},"schema":{"@context":"https:\/\/schema.org","@graph":[{"@type":"WebPage","@id":"https:\/\/pamgm.ca\/product\/custom-embroidered-retro-trucker-cap-6606\/","url":"https:\/\/pamgm.ca\/product\/custom-embroidered-retro-trucker-cap-6606\/","name":"Custom embroidered Retro Trucker Cap - 6606 - Pam GM Concepts","isPartOf":{"@id":"https:\/\/pamgm.ca\/#website"},"primaryImageOfPage":{"@id":"https:\/\/pamgm.ca\/product\/custom-embroidered-retro-trucker-cap-6606\/#primaryimage"},"image":{"@id":"https:\/\/pamgm.ca\/product\/custom-embroidered-retro-trucker-cap-6606\/#primaryimage"},"thumbnailUrl":"https:\/\/pamgm.ca\/wp-content\/uploads\/2024\/03\/IMG_6488-e1735662124857.jpg","datePublished":"2024-03-10T20:00:20+00:00","dateModified":"2024-05-16T19:49:01+00:00","breadcrumb":{"@id":"https:\/\/pamgm.ca\/product\/custom-embroidered-retro-trucker-cap-6606\/#breadcrumb"},"inLanguage":"fr-CA","potentialAction":[{"@type":"ReadAction","target":["https:\/\/pamgm.ca\/product\/custom-embroidered-retro-trucker-cap-6606\/"]}]},{"@type":"ImageObject","inLanguage":"fr-CA","@id":"https:\/\/pamgm.ca\/product\/custom-embroidered-retro-trucker-cap-6606\/#primaryimage","url":"https:\/\/pamgm.ca\/wp-content\/uploads\/2024\/03\/IMG_6488-e1735662124857.jpg","contentUrl":"https:\/\/pamgm.ca\/wp-content\/uploads\/2024\/03\/IMG_6488-e1735662124857.jpg","width":683,"height":629},{"@type":"BreadcrumbList","@id":"https:\/\/pamgm.ca\/product\/custom-embroidered-retro-trucker-cap-6606\/#breadcrumb","itemListElement":[{"@type":"ListItem","position":1,"name":"Home","item":"https:\/\/pamgm.ca\/"},{"@type":"ListItem","position":2,"name":"Private: Product Page","item":"https:\/\/pamgm.ca\/?page_id=10"},{"@type":"ListItem","position":3,"name":"Custom embroidered Retro Trucker Cap &#8211; 6606"}]},{"@type":"WebSite","@id":"https:\/\/pamgm.ca\/#website","url":"https:\/\/pamgm.ca\/","name":"Pam GM Concepts","description":"S\u00e9rigraphie et broderie personnalis\u00e9es \u00e0 Laval","publisher":{"@id":"https:\/\/pamgm.ca\/#organization"},"potentialAction":[{"@type":"SearchAction","target":{"@type":"EntryPoint","urlTemplate":"https:\/\/pamgm.ca\/?s={search_term_string}"},"query-input":{"@type":"PropertyValueSpecification","valueRequired":true,"valueName":"search_term_string"}}],"inLanguage":"fr-CA"},{"@type":"Organization","@id":"https:\/\/pamgm.ca\/#organization","name":"Pam GM Concepts","url":"https:\/\/pamgm.ca\/","logo":{"@type":"ImageObject","inLanguage":"fr-CA","@id":"https:\/\/pamgm.ca\/#\/schema\/logo\/image\/","url":"https:\/\/pamgm.ca\/wp-content\/uploads\/2022\/06\/pamgm-2025-logo-1.png","contentUrl":"https:\/\/pamgm.ca\/wp-content\/uploads\/2022\/06\/pamgm-2025-logo-1.png","width":250,"height":93,"caption":"Pam GM Concepts"},"image":{"@id":"https:\/\/pamgm.ca\/#\/schema\/logo\/image\/"}}]}},"wcpa_form_fields":null,"_links":{"self":[{"href":"https:\/\/pamgm.ca\/fr\/wp-json\/wp\/v2\/product\/1900182","targetHints":{"allow":["GET"]}}],"collection":[{"href":"https:\/\/pamgm.ca\/fr\/wp-json\/wp\/v2\/product"}],"about":[{"href":"https:\/\/pamgm.ca\/fr\/wp-json\/wp\/v2\/types\/product"}],"wp:featuredmedia":[{"embeddable":true,"href":"https:\/\/pamgm.ca\/fr\/wp-json\/wp\/v2\/media\/1900234"}],"wp:attachment":[{"href":"https:\/\/pamgm.ca\/fr\/wp-json\/wp\/v2\/media?parent=1900182"}],"wp:term":[{"taxonomy":"product_brand","embeddable":true,"href":"https:\/\/pamgm.ca\/fr\/wp-json\/wp\/v2\/product_brand?post=1900182"},{"taxonomy":"product_cat","embeddable":true,"href":"https:\/\/pamgm.ca\/fr\/wp-json\/wp\/v2\/product_cat?post=1900182"},{"taxonomy":"product_tag","embeddable":true,"href":"https:\/\/pamgm.ca\/fr\/wp-json\/wp\/v2\/product_tag?post=1900182"}],"curies":[{"name":"wp","href":"https:\/\/api.w.org\/{rel}","templated":true}]}}