{"id":1900985,"date":"2026-02-19T15:05:31","date_gmt":"2026-02-19T15:05:31","guid":{"rendered":"https:\/\/pamgm.ca\/?post_type=product&#038;p=1900985"},"modified":"2026-02-22T19:42:33","modified_gmt":"2026-02-22T19:42:33","slug":"gildan-64000b","status":"publish","type":"product","link":"https:\/\/pamgm.ca\/fr\/produit\/gildan-64000b\/","title":{"rendered":"Gildan 64000B"},"content":{"rendered":"<ul>\n<li>4.5 oz.\/yd\u00b2 (US) 7.5 oz.\/L yd (CA), 100% ring-spun cotton, 30 singles<\/li>\n<li>Graphite Heather is 50\/50 cotton\/polyester<\/li>\n<li>Dark Heather &amp; Heather colors are 65\/35 polyester\/cotton<\/li>\n<li>Le Gris sport est compos\u00e9 de 90\/10 coton\/polyester<\/li>\n<li>Softstyle&#39;s high stitch density, soft ring-spun cotton and cotton blend fabric offers a smooth printing surface<\/li>\n<li>Modern classic fit<\/li>\n<li>Classic width, rib collar<\/li>\n<li>Taped neck and shoulders for comfort and durability<\/li>\n<li>Side seams only for size <strong>XS<\/strong><\/li>\n<li>Tear away label<\/li>\n<li>CPSIA Tracking Label Compliant<\/li>\n<li>Gildan partners with Better Cotton to improve cotton farming globally<\/li>\n<li>Made with OEKO-TEX certified low-impact dyes<\/li>\n<\/ul>","protected":false},"excerpt":{"rendered":"<ul>\n<li>4.5 oz.\/yd\u00b2 (US) 7.5 oz.\/L yd (CA), 100% ring-spun cotton, 30 singles<\/li>\n<li>Graphite Heather is 50\/50 cotton\/polyester<\/li>\n<li>Dark Heather &amp; Heather colors are 65\/35 polyester\/cotton<\/li>\n<li>Le Gris sport est compos\u00e9 de 90\/10 coton\/polyester<\/li>\n<li>Softstyle&#39;s high stitch density, soft ring-spun cotton and cotton blend fabric offers a smooth printing surface<\/li>\n<li>Modern classic fit<\/li>\n<li>Classic width, rib collar<\/li>\n<li>Taped neck and shoulders for comfort and durability<\/li>\n<li>Side seams only for size <strong>XS<\/strong><\/li>\n<li>Tear away label<\/li>\n<li>CPSIA Tracking Label Compliant<\/li>\n<li>Gildan partners with Better Cotton to improve cotton farming globally<\/li>\n<li>Made with OEKO-TEX certified low-impact dyes<\/li>\n<\/ul>","protected":false},"featured_media":1900986,"template":"","meta":{"ocean_post_layout":"","ocean_both_sidebars_style":"","ocean_both_sidebars_content_width":0,"ocean_both_sidebars_sidebars_width":0,"ocean_sidebar":"","ocean_second_sidebar":"","ocean_disable_margins":"enable","ocean_add_body_class":"","ocean_shortcode_before_top_bar":"","ocean_shortcode_after_top_bar":"","ocean_shortcode_before_header":"","ocean_shortcode_after_header":"","ocean_has_shortcode":"","ocean_shortcode_after_title":"","ocean_shortcode_before_footer_widgets":"","ocean_shortcode_after_footer_widgets":"","ocean_shortcode_before_footer_bottom":"","ocean_shortcode_after_footer_bottom":"","ocean_display_top_bar":"default","ocean_display_header":"default","ocean_header_style":"","ocean_center_header_left_menu":"","ocean_custom_header_template":"","ocean_custom_logo":0,"ocean_custom_retina_logo":0,"ocean_custom_logo_max_width":0,"ocean_custom_logo_tablet_max_width":0,"ocean_custom_logo_mobile_max_width":0,"ocean_custom_logo_max_height":0,"ocean_custom_logo_tablet_max_height":0,"ocean_custom_logo_mobile_max_height":0,"ocean_header_custom_menu":"","ocean_menu_typo_font_family":"","ocean_menu_typo_font_subset":"","ocean_menu_typo_font_size":0,"ocean_menu_typo_font_size_tablet":0,"ocean_menu_typo_font_size_mobile":0,"ocean_menu_typo_font_size_unit":"px","ocean_menu_typo_font_weight":"","ocean_menu_typo_font_weight_tablet":"","ocean_menu_typo_font_weight_mobile":"","ocean_menu_typo_transform":"","ocean_menu_typo_transform_tablet":"","ocean_menu_typo_transform_mobile":"","ocean_menu_typo_line_height":0,"ocean_menu_typo_line_height_tablet":0,"ocean_menu_typo_line_height_mobile":0,"ocean_menu_typo_line_height_unit":"","ocean_menu_typo_spacing":0,"ocean_menu_typo_spacing_tablet":0,"ocean_menu_typo_spacing_mobile":0,"ocean_menu_typo_spacing_unit":"","ocean_menu_link_color":"","ocean_menu_link_color_hover":"","ocean_menu_link_color_active":"","ocean_menu_link_background":"","ocean_menu_link_hover_background":"","ocean_menu_link_active_background":"","ocean_menu_social_links_bg":"","ocean_menu_social_hover_links_bg":"","ocean_menu_social_links_color":"","ocean_menu_social_hover_links_color":"","ocean_disable_title":"default","ocean_disable_heading":"default","ocean_post_title":"","ocean_post_subheading":"","ocean_post_title_style":"","ocean_post_title_background_color":"","ocean_post_title_background":0,"ocean_post_title_bg_image_position":"","ocean_post_title_bg_image_attachment":"","ocean_post_title_bg_image_repeat":"","ocean_post_title_bg_image_size":"","ocean_post_title_height":0,"ocean_post_title_bg_overlay":0.5,"ocean_post_title_bg_overlay_color":"","ocean_disable_breadcrumbs":"default","ocean_breadcrumbs_color":"","ocean_breadcrumbs_separator_color":"","ocean_breadcrumbs_links_color":"","ocean_breadcrumbs_links_hover_color":"","ocean_display_footer_widgets":"default","ocean_display_footer_bottom":"default","ocean_custom_footer_template":""},"product_brand":[],"product_cat":[643],"product_tag":[],"class_list":{"0":"post-1900985","1":"product","2":"type-product","3":"status-publish","4":"has-post-thumbnail","6":"product_cat-apparel","8":"entry","9":"has-media","11":"first","12":"instock","13":"taxable","14":"shipping-taxable","15":"purchasable","16":"product-type-simple","17":"has-product-nav","18":"col","19":"span_1_of_3","20":"owp-content-center","21":"owp-thumbs-layout-horizontal","22":"owp-btn-normal","23":"owp-tabs-layout-horizontal","24":"has-no-thumbnails"},"yoast_head":"<!-- This site is optimized with the Yoast SEO plugin v27.2 - https:\/\/yoast.com\/product\/yoast-seo-wordpress\/ -->\n<title>Gildan 64000B - Pam GM Concepts<\/title>\n<meta name=\"robots\" content=\"index, follow, max-snippet:-1, max-image-preview:large, max-video-preview:-1\" \/>\n<link rel=\"canonical\" href=\"https:\/\/pamgm.ca\/fr\/produit\/gildan-64000b\/\" \/>\n<meta property=\"og:locale\" content=\"fr_CA\" \/>\n<meta property=\"og:type\" content=\"article\" \/>\n<meta property=\"og:title\" content=\"Gildan 64000B - Pam GM Concepts\" \/>\n<meta property=\"og:description\" content=\"4.5 oz.\/yd\u00b2 (US) 7.5 oz.\/L yd (CA), 100% ring-spun cotton, 30 singlesGraphite Heather is 50\/50 cotton\/polyesterDark Heather &amp; Heather colors are 65\/35 polyester\/cottonSport Grey is 90\/10 cotton\/polyesterSoftstyle&#039;s high stitch density, soft ring-spun cotton and cotton blend fabric offers a smooth printing surfaceModern classic fitClassic width, rib collarTaped neck and shoulders for comfort and durabilitySide seams only for size XSTear away labelCPSIA Tracking Label CompliantGildan partners with Better Cotton to improve cotton farming globallyMade with OEKO-TEX certified low-impact dyes\" \/>\n<meta property=\"og:url\" content=\"https:\/\/pamgm.ca\/fr\/produit\/gildan-64000b\/\" \/>\n<meta property=\"og:site_name\" content=\"Pam GM Concepts\" \/>\n<meta property=\"article:modified_time\" content=\"2026-02-22T19:42:33+00:00\" \/>\n<meta property=\"og:image\" content=\"https:\/\/pamgm.ca\/wp-content\/uploads\/2026\/02\/104339_f_fm.jpg\" \/>\n\t<meta property=\"og:image:width\" content=\"500\" \/>\n\t<meta property=\"og:image:height\" content=\"625\" \/>\n\t<meta property=\"og:image:type\" content=\"image\/jpeg\" \/>\n<meta name=\"twitter:card\" content=\"summary_large_image\" \/>\n<script type=\"application\/ld+json\" class=\"yoast-schema-graph\">{\"@context\":\"https:\/\/schema.org\",\"@graph\":[{\"@type\":\"WebPage\",\"@id\":\"https:\/\/pamgm.ca\/product\/gildan-64000b\/\",\"url\":\"https:\/\/pamgm.ca\/product\/gildan-64000b\/\",\"name\":\"Gildan 64000B - Pam GM Concepts\",\"isPartOf\":{\"@id\":\"https:\/\/pamgm.ca\/#website\"},\"primaryImageOfPage\":{\"@id\":\"https:\/\/pamgm.ca\/product\/gildan-64000b\/#primaryimage\"},\"image\":{\"@id\":\"https:\/\/pamgm.ca\/product\/gildan-64000b\/#primaryimage\"},\"thumbnailUrl\":\"https:\/\/pamgm.ca\/wp-content\/uploads\/2026\/02\/104339_f_fm.jpg\",\"datePublished\":\"2026-02-19T15:05:31+00:00\",\"dateModified\":\"2026-02-22T19:42:33+00:00\",\"breadcrumb\":{\"@id\":\"https:\/\/pamgm.ca\/product\/gildan-64000b\/#breadcrumb\"},\"inLanguage\":\"fr-CA\",\"potentialAction\":[{\"@type\":\"ReadAction\",\"target\":[\"https:\/\/pamgm.ca\/product\/gildan-64000b\/\"]}]},{\"@type\":\"ImageObject\",\"inLanguage\":\"fr-CA\",\"@id\":\"https:\/\/pamgm.ca\/product\/gildan-64000b\/#primaryimage\",\"url\":\"https:\/\/pamgm.ca\/wp-content\/uploads\/2026\/02\/104339_f_fm.jpg\",\"contentUrl\":\"https:\/\/pamgm.ca\/wp-content\/uploads\/2026\/02\/104339_f_fm.jpg\",\"width\":500,\"height\":625},{\"@type\":\"BreadcrumbList\",\"@id\":\"https:\/\/pamgm.ca\/product\/gildan-64000b\/#breadcrumb\",\"itemListElement\":[{\"@type\":\"ListItem\",\"position\":1,\"name\":\"Home\",\"item\":\"https:\/\/pamgm.ca\/\"},{\"@type\":\"ListItem\",\"position\":2,\"name\":\"Private: Product Page\",\"item\":\"https:\/\/pamgm.ca\/?page_id=10\"},{\"@type\":\"ListItem\",\"position\":3,\"name\":\"Gildan 64000B\"}]},{\"@type\":\"WebSite\",\"@id\":\"https:\/\/pamgm.ca\/#website\",\"url\":\"https:\/\/pamgm.ca\/\",\"name\":\"Pam GM Concepts\",\"description\":\"Custom Screen Printing &amp; Embroidery in Laval\",\"publisher\":{\"@id\":\"https:\/\/pamgm.ca\/#organization\"},\"potentialAction\":[{\"@type\":\"SearchAction\",\"target\":{\"@type\":\"EntryPoint\",\"urlTemplate\":\"https:\/\/pamgm.ca\/?s={search_term_string}\"},\"query-input\":{\"@type\":\"PropertyValueSpecification\",\"valueRequired\":true,\"valueName\":\"search_term_string\"}}],\"inLanguage\":\"fr-CA\"},{\"@type\":\"Organization\",\"@id\":\"https:\/\/pamgm.ca\/#organization\",\"name\":\"Pam GM Concepts\",\"url\":\"https:\/\/pamgm.ca\/\",\"logo\":{\"@type\":\"ImageObject\",\"inLanguage\":\"fr-CA\",\"@id\":\"https:\/\/pamgm.ca\/#\/schema\/logo\/image\/\",\"url\":\"https:\/\/pamgm.ca\/wp-content\/uploads\/2022\/06\/pamgm-2025-logo-1.png\",\"contentUrl\":\"https:\/\/pamgm.ca\/wp-content\/uploads\/2022\/06\/pamgm-2025-logo-1.png\",\"width\":250,\"height\":93,\"caption\":\"Pam GM Concepts\"},\"image\":{\"@id\":\"https:\/\/pamgm.ca\/#\/schema\/logo\/image\/\"}}]}<\/script>\n<!-- \/ Yoast SEO plugin. -->","yoast_head_json":{"title":"Gildan 64000B - Pam GM Concepts","robots":{"index":"index","follow":"follow","max-snippet":"max-snippet:-1","max-image-preview":"max-image-preview:large","max-video-preview":"max-video-preview:-1"},"canonical":"https:\/\/pamgm.ca\/fr\/produit\/gildan-64000b\/","og_locale":"fr_CA","og_type":"article","og_title":"Gildan 64000B - Pam GM Concepts","og_description":"4.5 oz.\/yd\u00b2 (US) 7.5 oz.\/L yd (CA), 100% ring-spun cotton, 30 singlesGraphite Heather is 50\/50 cotton\/polyesterDark Heather &amp; Heather colors are 65\/35 polyester\/cottonSport Grey is 90\/10 cotton\/polyesterSoftstyle&#39;s high stitch density, soft ring-spun cotton and cotton blend fabric offers a smooth printing surfaceModern classic fitClassic width, rib collarTaped neck and shoulders for comfort and durabilitySide seams only for size XSTear away labelCPSIA Tracking Label CompliantGildan partners with Better Cotton to improve cotton farming globallyMade with OEKO-TEX certified low-impact dyes","og_url":"https:\/\/pamgm.ca\/fr\/produit\/gildan-64000b\/","og_site_name":"Pam GM Concepts","article_modified_time":"2026-02-22T19:42:33+00:00","og_image":[{"width":500,"height":625,"url":"https:\/\/pamgm.ca\/wp-content\/uploads\/2026\/02\/104339_f_fm.jpg","type":"image\/jpeg"}],"twitter_card":"summary_large_image","schema":{"@context":"https:\/\/schema.org","@graph":[{"@type":"WebPage","@id":"https:\/\/pamgm.ca\/product\/gildan-64000b\/","url":"https:\/\/pamgm.ca\/product\/gildan-64000b\/","name":"Gildan 64000B - Pam GM Concepts","isPartOf":{"@id":"https:\/\/pamgm.ca\/#website"},"primaryImageOfPage":{"@id":"https:\/\/pamgm.ca\/product\/gildan-64000b\/#primaryimage"},"image":{"@id":"https:\/\/pamgm.ca\/product\/gildan-64000b\/#primaryimage"},"thumbnailUrl":"https:\/\/pamgm.ca\/wp-content\/uploads\/2026\/02\/104339_f_fm.jpg","datePublished":"2026-02-19T15:05:31+00:00","dateModified":"2026-02-22T19:42:33+00:00","breadcrumb":{"@id":"https:\/\/pamgm.ca\/product\/gildan-64000b\/#breadcrumb"},"inLanguage":"fr-CA","potentialAction":[{"@type":"ReadAction","target":["https:\/\/pamgm.ca\/product\/gildan-64000b\/"]}]},{"@type":"ImageObject","inLanguage":"fr-CA","@id":"https:\/\/pamgm.ca\/product\/gildan-64000b\/#primaryimage","url":"https:\/\/pamgm.ca\/wp-content\/uploads\/2026\/02\/104339_f_fm.jpg","contentUrl":"https:\/\/pamgm.ca\/wp-content\/uploads\/2026\/02\/104339_f_fm.jpg","width":500,"height":625},{"@type":"BreadcrumbList","@id":"https:\/\/pamgm.ca\/product\/gildan-64000b\/#breadcrumb","itemListElement":[{"@type":"ListItem","position":1,"name":"Home","item":"https:\/\/pamgm.ca\/"},{"@type":"ListItem","position":2,"name":"Private: Product Page","item":"https:\/\/pamgm.ca\/?page_id=10"},{"@type":"ListItem","position":3,"name":"Gildan 64000B"}]},{"@type":"WebSite","@id":"https:\/\/pamgm.ca\/#website","url":"https:\/\/pamgm.ca\/","name":"Pam GM Concepts","description":"S\u00e9rigraphie et broderie personnalis\u00e9es \u00e0 Laval","publisher":{"@id":"https:\/\/pamgm.ca\/#organization"},"potentialAction":[{"@type":"SearchAction","target":{"@type":"EntryPoint","urlTemplate":"https:\/\/pamgm.ca\/?s={search_term_string}"},"query-input":{"@type":"PropertyValueSpecification","valueRequired":true,"valueName":"search_term_string"}}],"inLanguage":"fr-CA"},{"@type":"Organization","@id":"https:\/\/pamgm.ca\/#organization","name":"Pam GM Concepts","url":"https:\/\/pamgm.ca\/","logo":{"@type":"ImageObject","inLanguage":"fr-CA","@id":"https:\/\/pamgm.ca\/#\/schema\/logo\/image\/","url":"https:\/\/pamgm.ca\/wp-content\/uploads\/2022\/06\/pamgm-2025-logo-1.png","contentUrl":"https:\/\/pamgm.ca\/wp-content\/uploads\/2022\/06\/pamgm-2025-logo-1.png","width":250,"height":93,"caption":"Pam GM Concepts"},"image":{"@id":"https:\/\/pamgm.ca\/#\/schema\/logo\/image\/"}}]}},"wcpa_form_fields":null,"_links":{"self":[{"href":"https:\/\/pamgm.ca\/fr\/wp-json\/wp\/v2\/product\/1900985","targetHints":{"allow":["GET"]}}],"collection":[{"href":"https:\/\/pamgm.ca\/fr\/wp-json\/wp\/v2\/product"}],"about":[{"href":"https:\/\/pamgm.ca\/fr\/wp-json\/wp\/v2\/types\/product"}],"wp:featuredmedia":[{"embeddable":true,"href":"https:\/\/pamgm.ca\/fr\/wp-json\/wp\/v2\/media\/1900986"}],"wp:attachment":[{"href":"https:\/\/pamgm.ca\/fr\/wp-json\/wp\/v2\/media?parent=1900985"}],"wp:term":[{"taxonomy":"product_brand","embeddable":true,"href":"https:\/\/pamgm.ca\/fr\/wp-json\/wp\/v2\/product_brand?post=1900985"},{"taxonomy":"product_cat","embeddable":true,"href":"https:\/\/pamgm.ca\/fr\/wp-json\/wp\/v2\/product_cat?post=1900985"},{"taxonomy":"product_tag","embeddable":true,"href":"https:\/\/pamgm.ca\/fr\/wp-json\/wp\/v2\/product_tag?post=1900985"}],"curies":[{"name":"wp","href":"https:\/\/api.w.org\/{rel}","templated":true}]}}